{"id":102,"date":"2021-09-07T16:40:45","date_gmt":"2021-09-07T16:40:45","guid":{"rendered":"http:\/\/aeess.edu.mx\/?page_id=102"},"modified":"2021-09-23T15:59:28","modified_gmt":"2021-09-23T15:59:28","slug":"inteligencia-policial","status":"publish","type":"page","link":"http:\/\/aeess.edu.mx\/?page_id=102","title":{"rendered":"Inteligencia Policial"},"content":{"rendered":"\n\n\t\t\t\t<img data-recalc-dims=\"1\" loading=\"lazy\" decoding=\"async\" src=\"https:\/\/i0.wp.com\/aeess.edu.mx\/wp-content\/uploads\/2021\/09\/bnr-inteligencia.jpg?resize=750%2C219\" alt=\"bnr-inteligencia\" itemprop=\"image\" height=\"219\" width=\"750\" title=\"bnr-inteligencia\" onerror=\"this.style.display='none'\"  \/>\n\t<p>El Programa de Formaci\u00f3n Inicial para Polic\u00eda Preventivo, se desarrolla en el marco de la Constituci\u00f3n Pol\u00edtica de los Estados Unidos Mexicanos (CPEUM), as\u00ed como en las Leyes y Reglamentos que de ella emanan, la Ley General del Sistema Nacional de Seguridad P\u00fablica (LGSNSP) entre otras. Art\u00edculo 21 (CPEUM) define la seguridad p\u00fablica como &#8220;una funci\u00f3n a cargo de la Federaci\u00f3n, el Distrito Federal, los estados y los municipios que comprende la prevenci\u00f3n de los delitos; la investigaci\u00f3n y persecuci\u00f3n para hacerla efectiva, as\u00ed como la sanci\u00f3n de las infracciones administrativas, en los t\u00e9rminos de la ley, en las respectivas competencias que esta Constituci\u00f3n se\u00f1ala&#8221;.<\/p>\n\t<div class=\"rtbs  rtbs_curso-18-inteligencia-policial\"><div class=\"rtbs_slug\" style=\"display:none\">curso-18-inteligencia-policial<\/div><div class=\"rtbs_inactive_tab_background\" style=\"display:none\">transparent<\/div><div class=\"rtbs_breakpoint\" style=\"display:none\">400<\/div><div class=\"rtbs_color\" style=\"display:none\">#1e73be<\/div>\r\n        <div class=\"rtbs_menu\">\r\n            <ul>\r\n                <li class=\"mobile_toggle\">&zwnj;<\/li><li class=\"current\"><a style=\"background:#1e73be\" class=\"active curso-18-inteligencia-policial-tab-link-0\" href=\"#\" data-tab=\"#curso-18-inteligencia-policial-tab-0\">Objetivo de Aprendizaje<\/a><\/li><li><a href=\"#\" data-tab=\"#curso-18-inteligencia-policial-tab-1\" class=\"curso-18-inteligencia-policial-tab-link-1\">Objetivo General<\/a><\/li><li><a href=\"#\" data-tab=\"#curso-18-inteligencia-policial-tab-2\" class=\"curso-18-inteligencia-policial-tab-link-2\">Objetivo Espec\u00edfico<\/a><\/li><li><a href=\"#\" data-tab=\"#curso-18-inteligencia-policial-tab-3\" class=\"curso-18-inteligencia-policial-tab-link-3\">Duraci\u00f3n<\/a><\/li>\r\n            <\/ul>\r\n        <\/div><div style=\"border-top:7px solid #1e73be;\" id=\"curso-18-inteligencia-policial-tab-0\" class=\"rtbs_content active\"><p><img data-recalc-dims=\"1\" loading=\"lazy\" decoding=\"async\" class=\"size-full wp-image-289 alignleft\" src=\"https:\/\/i0.wp.com\/aeess.edu.mx\/wp-content\/uploads\/2021\/09\/objetivo-aprendizaje.jpg?resize=150%2C138\" alt=\"\" width=\"150\" height=\"138\">El aspirante analizar\u00e1 la trascendencia de la figura de inteligencia policial, identificando los factores que establecen su origen y reconociendo las etapas propias del llamado ciclo de inteligencia con la finalidad de asociar esta experiencia cognitiva a la comprensi\u00f3n del modelo de polic\u00eda, enfatizando sus caracter\u00edsticas y correlaciones.<\/p>\n<div style=\"margin-top:30px; clear:both;\"><\/div><\/div><div style=\"border-top:7px solid #1e73be;\" id=\"curso-18-inteligencia-policial-tab-1\" class=\"rtbs_content\"><p><img data-recalc-dims=\"1\" loading=\"lazy\" decoding=\"async\" class=\"size-full wp-image-291 alignleft\" src=\"https:\/\/i0.wp.com\/aeess.edu.mx\/wp-content\/uploads\/2021\/09\/objetivo-general.jpg?resize=150%2C138\" alt=\"\" width=\"150\" height=\"138\">Conocer el plan integral de Inteligencia Policial, a fin de detectar d\u00f3nde se cometen los delitos, cu\u00e1les son m\u00e1s frecuentes, patrones de los delincuentes, c\u00f3mo evitarlos, d\u00f3nde se requiere mayor vigilancia y en que horario, para mejorar la capacidad de respuestas de las instituciones de seguridad y contrarrestar el accionar de las personas que cometen hechos constitutivos de<br \/>\ndelito.<\/p>\n<div style=\"margin-top:30px; clear:both;\"><\/div><\/div><div style=\"border-top:7px solid #1e73be;\" id=\"curso-18-inteligencia-policial-tab-2\" class=\"rtbs_content\"><p><div class=\"clearfix rara-row\"><div class=\"rara_column rara-span2\"><img data-recalc-dims=\"1\" loading=\"lazy\" decoding=\"async\" class=\"size-full wp-image-290 alignleft\" src=\"https:\/\/i0.wp.com\/aeess.edu.mx\/wp-content\/uploads\/2021\/09\/objetivo-especifico.jpg?resize=150%2C138\" alt=\"\" width=\"150\" height=\"138\"><\/div> <div class=\"rara_column rara-span4\"><ul>\n<li>- Precisar los conceptos de inteligencia y las caracter\u00edsticas que presentan las operaciones, as\u00ed como componentes y principios b\u00e1sicos en las mismas.<\/li>\n<li>- Identificar los factores que establecen el origen de la inteligencia.<\/li>\n<li>- Establecer las etapas del ciclo de inteligencia para conocer que el estudio de la inteligencia policial ayuda a mejorar la capacidad de respuestas de las instituciones de seguridad y contrarrestar la delincuencia.<\/li>\n<\/ul><\/div><\/div><\/p>\n<div style=\"margin-top:30px; clear:both;\"><\/div><\/div><div style=\"border-top:7px solid #1e73be;\" id=\"curso-18-inteligencia-policial-tab-3\" class=\"rtbs_content\"><p><img data-recalc-dims=\"1\" loading=\"lazy\" decoding=\"async\" class=\"size-full wp-image-288 alignleft\" src=\"https:\/\/i0.wp.com\/aeess.edu.mx\/wp-content\/uploads\/2021\/09\/duracion.jpg?resize=150%2C138\" alt=\"\" width=\"150\" height=\"138\"><\/p>\n<p>20 horas<\/p>\n<div style=\"margin-top:30px; clear:both;\"><\/div><\/div>\r\n    <\/div>\r\n    \n\n","protected":false},"excerpt":{"rendered":"","protected":false},"author":1,"featured_media":0,"parent":0,"menu_order":0,"comment_status":"closed","ping_status":"closed","template":"","meta":{"ngg_post_thumbnail":0,"pgc_sgb_lightbox_settings":"","footnotes":""},"folder":[],"class_list":["post-102","page","type-page","status-publish","hentry","latest_post"],"yoast_head":"<!-- This site is optimized with the Yoast SEO plugin v27.5 - https:\/\/yoast.com\/product\/yoast-seo-wordpress\/ -->\n<title>Inteligencia Policial - Academia Estatal de Estudios Superiores en Seguridad<\/title>\n<meta name=\"robots\" content=\"index, follow, max-snippet:-1, max-image-preview:large, max-video-preview:-1\" \/>\n<link rel=\"canonical\" href=\"http:\/\/aeess.edu.mx\/?page_id=102\" \/>\n<meta property=\"og:locale\" content=\"es_MX\" \/>\n<meta property=\"og:type\" content=\"article\" \/>\n<meta property=\"og:title\" content=\"Inteligencia Policial - Academia Estatal de Estudios Superiores en Seguridad\" \/>\n<meta property=\"og:description\" content=\"El Programa de Formaci\u00f3n Inicial para Polic\u00eda Preventivo, se desarrolla en el marco de la Constituci\u00f3n Pol\u00edtica de los Estados &hellip;\" \/>\n<meta property=\"og:url\" content=\"http:\/\/aeess.edu.mx\/?page_id=102\" \/>\n<meta property=\"og:site_name\" content=\"Academia Estatal de Estudios Superiores en Seguridad\" \/>\n<meta property=\"article:modified_time\" content=\"2021-09-23T15:59:28+00:00\" \/>\n<meta property=\"og:image\" content=\"http:\/\/aeess.edu.mx\/wp-content\/uploads\/2021\/09\/bnr-inteligencia.jpg\" \/>\n<meta name=\"twitter:card\" content=\"summary_large_image\" \/>\n<meta name=\"twitter:label1\" content=\"Tiempo de lectura\" \/>\n\t<meta name=\"twitter:data1\" content=\"1 minuto\" \/>\n<script type=\"application\/ld+json\" class=\"yoast-schema-graph\">{\"@context\":\"https:\\\/\\\/schema.org\",\"@graph\":[{\"@type\":\"WebPage\",\"@id\":\"http:\\\/\\\/aeess.edu.mx\\\/?page_id=102\",\"url\":\"http:\\\/\\\/aeess.edu.mx\\\/?page_id=102\",\"name\":\"Inteligencia Policial - Academia Estatal de Estudios Superiores en Seguridad\",\"isPartOf\":{\"@id\":\"http:\\\/\\\/aeess.edu.mx\\\/#website\"},\"primaryImageOfPage\":{\"@id\":\"http:\\\/\\\/aeess.edu.mx\\\/?page_id=102#primaryimage\"},\"image\":{\"@id\":\"http:\\\/\\\/aeess.edu.mx\\\/?page_id=102#primaryimage\"},\"thumbnailUrl\":\"http:\\\/\\\/aeess.edu.mx\\\/wp-content\\\/uploads\\\/2021\\\/09\\\/bnr-inteligencia.jpg\",\"datePublished\":\"2021-09-07T16:40:45+00:00\",\"dateModified\":\"2021-09-23T15:59:28+00:00\",\"breadcrumb\":{\"@id\":\"http:\\\/\\\/aeess.edu.mx\\\/?page_id=102#breadcrumb\"},\"inLanguage\":\"es\",\"potentialAction\":[{\"@type\":\"ReadAction\",\"target\":[\"http:\\\/\\\/aeess.edu.mx\\\/?page_id=102\"]}]},{\"@type\":\"ImageObject\",\"inLanguage\":\"es\",\"@id\":\"http:\\\/\\\/aeess.edu.mx\\\/?page_id=102#primaryimage\",\"url\":\"https:\\\/\\\/i0.wp.com\\\/aeess.edu.mx\\\/wp-content\\\/uploads\\\/2021\\\/09\\\/bnr-inteligencia.jpg?fit=1155%2C338\",\"contentUrl\":\"https:\\\/\\\/i0.wp.com\\\/aeess.edu.mx\\\/wp-content\\\/uploads\\\/2021\\\/09\\\/bnr-inteligencia.jpg?fit=1155%2C338\",\"width\":1155,\"height\":338},{\"@type\":\"BreadcrumbList\",\"@id\":\"http:\\\/\\\/aeess.edu.mx\\\/?page_id=102#breadcrumb\",\"itemListElement\":[{\"@type\":\"ListItem\",\"position\":1,\"name\":\"Inicio\",\"item\":\"http:\\\/\\\/aeess.edu.mx\\\/\"},{\"@type\":\"ListItem\",\"position\":2,\"name\":\"Inteligencia Policial\"}]},{\"@type\":\"WebSite\",\"@id\":\"http:\\\/\\\/aeess.edu.mx\\\/#website\",\"url\":\"http:\\\/\\\/aeess.edu.mx\\\/\",\"name\":\"Academia Estatal de Estudios Superiores en Seguridad\",\"description\":\"&quot;Formando a la Mejor Polic\u00eda de M\u00e9xico&quot;\",\"publisher\":{\"@id\":\"http:\\\/\\\/aeess.edu.mx\\\/#organization\"},\"potentialAction\":[{\"@type\":\"SearchAction\",\"target\":{\"@type\":\"EntryPoint\",\"urlTemplate\":\"http:\\\/\\\/aeess.edu.mx\\\/?s={search_term_string}\"},\"query-input\":{\"@type\":\"PropertyValueSpecification\",\"valueRequired\":true,\"valueName\":\"search_term_string\"}}],\"inLanguage\":\"es\"},{\"@type\":\"Organization\",\"@id\":\"http:\\\/\\\/aeess.edu.mx\\\/#organization\",\"name\":\"Academia Estatal de Estudios Superiores en Seguridad\",\"url\":\"http:\\\/\\\/aeess.edu.mx\\\/\",\"logo\":{\"@type\":\"ImageObject\",\"inLanguage\":\"es\",\"@id\":\"http:\\\/\\\/aeess.edu.mx\\\/#\\\/schema\\\/logo\\\/image\\\/\",\"url\":\"https:\\\/\\\/i0.wp.com\\\/aeess.edu.mx\\\/wp-content\\\/uploads\\\/2025\\\/04\\\/cropped-logos.jpg?fit=646%2C227\",\"contentUrl\":\"https:\\\/\\\/i0.wp.com\\\/aeess.edu.mx\\\/wp-content\\\/uploads\\\/2025\\\/04\\\/cropped-logos.jpg?fit=646%2C227\",\"width\":646,\"height\":227,\"caption\":\"Academia Estatal de Estudios Superiores en Seguridad\"},\"image\":{\"@id\":\"http:\\\/\\\/aeess.edu.mx\\\/#\\\/schema\\\/logo\\\/image\\\/\"}}]}<\/script>\n<!-- \/ Yoast SEO plugin. -->","yoast_head_json":{"title":"Inteligencia Policial - Academia Estatal de Estudios Superiores en Seguridad","robots":{"index":"index","follow":"follow","max-snippet":"max-snippet:-1","max-image-preview":"max-image-preview:large","max-video-preview":"max-video-preview:-1"},"canonical":"http:\/\/aeess.edu.mx\/?page_id=102","og_locale":"es_MX","og_type":"article","og_title":"Inteligencia Policial - Academia Estatal de Estudios Superiores en Seguridad","og_description":"El Programa de Formaci\u00f3n Inicial para Polic\u00eda Preventivo, se desarrolla en el marco de la Constituci\u00f3n Pol\u00edtica de los Estados &hellip;","og_url":"http:\/\/aeess.edu.mx\/?page_id=102","og_site_name":"Academia Estatal de Estudios Superiores en Seguridad","article_modified_time":"2021-09-23T15:59:28+00:00","og_image":[{"url":"http:\/\/aeess.edu.mx\/wp-content\/uploads\/2021\/09\/bnr-inteligencia.jpg","type":"","width":"","height":""}],"twitter_card":"summary_large_image","twitter_misc":{"Tiempo de lectura":"1 minuto"},"schema":{"@context":"https:\/\/schema.org","@graph":[{"@type":"WebPage","@id":"http:\/\/aeess.edu.mx\/?page_id=102","url":"http:\/\/aeess.edu.mx\/?page_id=102","name":"Inteligencia Policial - Academia Estatal de Estudios Superiores en Seguridad","isPartOf":{"@id":"http:\/\/aeess.edu.mx\/#website"},"primaryImageOfPage":{"@id":"http:\/\/aeess.edu.mx\/?page_id=102#primaryimage"},"image":{"@id":"http:\/\/aeess.edu.mx\/?page_id=102#primaryimage"},"thumbnailUrl":"http:\/\/aeess.edu.mx\/wp-content\/uploads\/2021\/09\/bnr-inteligencia.jpg","datePublished":"2021-09-07T16:40:45+00:00","dateModified":"2021-09-23T15:59:28+00:00","breadcrumb":{"@id":"http:\/\/aeess.edu.mx\/?page_id=102#breadcrumb"},"inLanguage":"es","potentialAction":[{"@type":"ReadAction","target":["http:\/\/aeess.edu.mx\/?page_id=102"]}]},{"@type":"ImageObject","inLanguage":"es","@id":"http:\/\/aeess.edu.mx\/?page_id=102#primaryimage","url":"https:\/\/i0.wp.com\/aeess.edu.mx\/wp-content\/uploads\/2021\/09\/bnr-inteligencia.jpg?fit=1155%2C338","contentUrl":"https:\/\/i0.wp.com\/aeess.edu.mx\/wp-content\/uploads\/2021\/09\/bnr-inteligencia.jpg?fit=1155%2C338","width":1155,"height":338},{"@type":"BreadcrumbList","@id":"http:\/\/aeess.edu.mx\/?page_id=102#breadcrumb","itemListElement":[{"@type":"ListItem","position":1,"name":"Inicio","item":"http:\/\/aeess.edu.mx\/"},{"@type":"ListItem","position":2,"name":"Inteligencia Policial"}]},{"@type":"WebSite","@id":"http:\/\/aeess.edu.mx\/#website","url":"http:\/\/aeess.edu.mx\/","name":"Academia Estatal de Estudios Superiores en Seguridad","description":"&quot;Formando a la Mejor Polic\u00eda de M\u00e9xico&quot;","publisher":{"@id":"http:\/\/aeess.edu.mx\/#organization"},"potentialAction":[{"@type":"SearchAction","target":{"@type":"EntryPoint","urlTemplate":"http:\/\/aeess.edu.mx\/?s={search_term_string}"},"query-input":{"@type":"PropertyValueSpecification","valueRequired":true,"valueName":"search_term_string"}}],"inLanguage":"es"},{"@type":"Organization","@id":"http:\/\/aeess.edu.mx\/#organization","name":"Academia Estatal de Estudios Superiores en Seguridad","url":"http:\/\/aeess.edu.mx\/","logo":{"@type":"ImageObject","inLanguage":"es","@id":"http:\/\/aeess.edu.mx\/#\/schema\/logo\/image\/","url":"https:\/\/i0.wp.com\/aeess.edu.mx\/wp-content\/uploads\/2025\/04\/cropped-logos.jpg?fit=646%2C227","contentUrl":"https:\/\/i0.wp.com\/aeess.edu.mx\/wp-content\/uploads\/2025\/04\/cropped-logos.jpg?fit=646%2C227","width":646,"height":227,"caption":"Academia Estatal de Estudios Superiores en Seguridad"},"image":{"@id":"http:\/\/aeess.edu.mx\/#\/schema\/logo\/image\/"}}]}},"_links":{"self":[{"href":"http:\/\/aeess.edu.mx\/index.php?rest_route=\/wp\/v2\/pages\/102","targetHints":{"allow":["GET"]}}],"collection":[{"href":"http:\/\/aeess.edu.mx\/index.php?rest_route=\/wp\/v2\/pages"}],"about":[{"href":"http:\/\/aeess.edu.mx\/index.php?rest_route=\/wp\/v2\/types\/page"}],"author":[{"embeddable":true,"href":"http:\/\/aeess.edu.mx\/index.php?rest_route=\/wp\/v2\/users\/1"}],"replies":[{"embeddable":true,"href":"http:\/\/aeess.edu.mx\/index.php?rest_route=%2Fwp%2Fv2%2Fcomments&post=102"}],"version-history":[{"count":6,"href":"http:\/\/aeess.edu.mx\/index.php?rest_route=\/wp\/v2\/pages\/102\/revisions"}],"predecessor-version":[{"id":416,"href":"http:\/\/aeess.edu.mx\/index.php?rest_route=\/wp\/v2\/pages\/102\/revisions\/416"}],"wp:attachment":[{"href":"http:\/\/aeess.edu.mx\/index.php?rest_route=%2Fwp%2Fv2%2Fmedia&parent=102"}],"wp:term":[{"taxonomy":"folder","embeddable":true,"href":"http:\/\/aeess.edu.mx\/index.php?rest_route=%2Fwp%2Fv2%2Ffolder&post=102"}],"curies":[{"name":"wp","href":"https:\/\/api.w.org\/{rel}","templated":true}]}}