{"id":135,"date":"2021-09-07T17:48:52","date_gmt":"2021-09-07T17:48:52","guid":{"rendered":"http:\/\/aeess.edu.mx\/?page_id=135"},"modified":"2021-11-24T16:29:47","modified_gmt":"2021-11-24T16:29:47","slug":"ley-nacional-de-ejecucion-penal","status":"publish","type":"page","link":"http:\/\/aeess.edu.mx\/?page_id=135","title":{"rendered":"Ley Nacional de Ejecuci\u00f3n Penal"},"content":{"rendered":"\n\n\t\t\t\t<img data-recalc-dims=\"1\" loading=\"lazy\" decoding=\"async\" src=\"https:\/\/i0.wp.com\/aeess.edu.mx\/wp-content\/uploads\/2021\/09\/bnr-ley-nacional.jpg?resize=750%2C219\" alt=\"bnr-ley-nacional\" itemprop=\"image\" height=\"219\" width=\"750\" title=\"bnr-ley-nacional\" onerror=\"this.style.display='none'\"  \/>\n\t<p>En esta materia abordaremos las normas que deben observarse durante el internamiento por prisi\u00f3n preventiva, en la ejecuci\u00f3n de penas y en las medidas de seguridad impuestas como consecuencia de una resoluci\u00f3n judicial.<\/p>\n<p>Explicaremos que con el sistema de justicia penal acusatorio, esta ley abre las posibilidades y alternativas para que la privaci\u00f3n de la libertad no sea la \u00fanica opci\u00f3n de reinserci\u00f3n social para personas sentenciadas. Adem\u00e1s, da oportunidades para que personas privadas de su libertad puedan solicitar alg\u00fan tipo de libertad o la conmutaci\u00f3n de su pena.<\/p>\n<p>Ense\u00f1aremos como una persona privada de su libertad por delito del fuero com\u00fan tiene que reparar el da\u00f1o hecho y luego solicitar alguna alternativa de justicia. Tambi\u00e9n se contempla terapias, tratamiento psicol\u00f3gico o justicia reparadora con la v\u00edctima. Otra opci\u00f3n que puede requerir es el trabajo a favor de la comunidad. Si cumple los requisitos, la autoridad judicial ser\u00e1 quien determine si le concede o no el beneficio.<\/p>\n<p>Igualmente se le capacitar\u00e1 a los custodios para que conozcan que deben garantizar el respeto a los derechos humanos de todas las personas sujetas al r\u00e9gimen de custodia y vigilancia y procurar la reinserci\u00f3n social efectiva; reconocer que las mujeres tienen necesidades y problem\u00e1ticas espec\u00edficas, por ello los centros de reclusi\u00f3n deben contar con todas las medidas necesarias para atenderlas y resolverlas.<\/p>\n\t\t\t\t<img data-recalc-dims=\"1\" decoding=\"async\" src=\"https:\/\/i0.wp.com\/aeess.edu.mx\/wp-content\/plugins\/beaver-builder-lite-version\/img\/pixel.png?w=750\" alt=\"\" itemprop=\"image\" onerror=\"this.style.display='none'\"  \/>\n\t<div class=\"rtbs  rtbs_curso-20-ejecucion-penal\"><div class=\"rtbs_slug\" style=\"display:none\">curso-20-ejecucion-penal<\/div><div class=\"rtbs_inactive_tab_background\" style=\"display:none\">transparent<\/div><div class=\"rtbs_breakpoint\" style=\"display:none\">400<\/div><div class=\"rtbs_color\" style=\"display:none\">#1e73be<\/div>\r\n        <div class=\"rtbs_menu\">\r\n            <ul>\r\n                <li class=\"mobile_toggle\">&zwnj;<\/li><li class=\"current\"><a style=\"background:#1e73be\" class=\"active curso-20-ejecucion-penal-tab-link-0\" href=\"#\" data-tab=\"#curso-20-ejecucion-penal-tab-0\">Objetivo de Aprendizaje<\/a><\/li><li><a href=\"#\" data-tab=\"#curso-20-ejecucion-penal-tab-1\" class=\"curso-20-ejecucion-penal-tab-link-1\">Objetivo General<\/a><\/li><li><a href=\"#\" data-tab=\"#curso-20-ejecucion-penal-tab-2\" class=\"curso-20-ejecucion-penal-tab-link-2\">Objetivo Espec\u00edfico<\/a><\/li><li><a href=\"#\" data-tab=\"#curso-20-ejecucion-penal-tab-3\" class=\"curso-20-ejecucion-penal-tab-link-3\">Duraci\u00f3n<\/a><\/li>\r\n            <\/ul>\r\n        <\/div><div style=\"border-top:7px solid #1e73be;\" id=\"curso-20-ejecucion-penal-tab-0\" class=\"rtbs_content active\"><p><img data-recalc-dims=\"1\" loading=\"lazy\" decoding=\"async\" class=\"size-full wp-image-289 alignleft\" src=\"https:\/\/i0.wp.com\/aeess.edu.mx\/wp-content\/uploads\/2021\/09\/objetivo-aprendizaje.jpg?resize=150%2C138\" alt=\"\" width=\"150\" height=\"138\">El aspirante deber\u00e1 reconocer las caracter\u00edsticas de una v\u00edctima de delito con el objetivo de realizar una adecuada intervenci\u00f3n, dependiendo de las necesidades, y brindar\u00e1 orientaci\u00f3n pertinente a trav\u00e9s de las instituciones que proveer\u00e1n mayor atenci\u00f3n psicol\u00f3gica y legal de acuerdo a las circunstancias.<\/p>\n<div style=\"margin-top:30px; clear:both;\"><\/div><\/div><div style=\"border-top:7px solid #1e73be;\" id=\"curso-20-ejecucion-penal-tab-1\" class=\"rtbs_content\"><p><img data-recalc-dims=\"1\" loading=\"lazy\" decoding=\"async\" class=\"size-full wp-image-291 alignleft\" src=\"https:\/\/i0.wp.com\/aeess.edu.mx\/wp-content\/uploads\/2021\/09\/objetivo-general.jpg?resize=150%2C138\" alt=\"\" width=\"150\" height=\"138\">Reconocer las caracter\u00edsticas de una v\u00edctima de delito, con el objetivo de realizar una adecuada intervenci\u00f3n, dependiendo de las necesidades, brindando orientaci\u00f3n pertinente a trav\u00e9s de conocer a las instituciones que le proveer\u00e1n de mayor atenci\u00f3n psicol\u00f3gica y legal de acuerdo a sus circunstancias.<\/p>\n<div style=\"margin-top:30px; clear:both;\"><\/div><\/div><div style=\"border-top:7px solid #1e73be;\" id=\"curso-20-ejecucion-penal-tab-2\" class=\"rtbs_content\"><p><div class=\"clearfix rara-row\"><div class=\"rara_column rara-span2\"><img data-recalc-dims=\"1\" loading=\"lazy\" decoding=\"async\" class=\"size-full wp-image-290 alignleft\" src=\"https:\/\/i0.wp.com\/aeess.edu.mx\/wp-content\/uploads\/2021\/09\/objetivo-especifico.jpg?resize=150%2C138\" alt=\"\" width=\"150\" height=\"138\" \/><\/div> <div class=\"rara_column rara-span4\"><ul>\n<li>- Fortalecer la coordinaci\u00f3n entre las instancias involucradas en el Sistema Nacional de Atenci\u00f3n a V\u00edctimas para lograr su adecuado funcionamiento.<\/li>\n<li>- Asegurar a las v\u00edctimas el acceso efectivo a los servicios y medidas de asistencia, atenci\u00f3n y protecci\u00f3n.<\/li>\n<li>- Consolidar la cultura de respeto a los derechos humanos en las y los servidores p\u00fablicos responsables de asistir a v\u00edctimas.<\/li>\n<li>- Garantizar a las v\u00edctimas el acceso a las medidas de atenci\u00f3n con enfoque y \u00e9nfasis en condiciones de vulnerabilidad.<\/li>\n<\/ul><\/div><\/div><\/p>\n<div style=\"margin-top:30px; clear:both;\"><\/div><\/div><div style=\"border-top:7px solid #1e73be;\" id=\"curso-20-ejecucion-penal-tab-3\" class=\"rtbs_content\"><p><img data-recalc-dims=\"1\" loading=\"lazy\" decoding=\"async\" class=\"size-full wp-image-288 alignleft\" src=\"https:\/\/i0.wp.com\/aeess.edu.mx\/wp-content\/uploads\/2021\/09\/duracion.jpg?resize=150%2C138\" alt=\"\" width=\"150\" height=\"138\"><\/p>\n<p>20 horas<\/p>\n<div style=\"margin-top:30px; clear:both;\"><\/div><\/div>\r\n    <\/div>\r\n    \n\n","protected":false},"excerpt":{"rendered":"","protected":false},"author":1,"featured_media":0,"parent":0,"menu_order":0,"comment_status":"closed","ping_status":"closed","template":"","meta":{"ngg_post_thumbnail":0,"pgc_sgb_lightbox_settings":"","footnotes":""},"folder":[5],"class_list":["post-135","page","type-page","status-publish","hentry","latest_post"],"yoast_head":"<!-- This site is optimized with the Yoast SEO plugin v27.5 - https:\/\/yoast.com\/product\/yoast-seo-wordpress\/ -->\n<title>Ley Nacional de Ejecuci\u00f3n Penal - Academia Estatal de Estudios Superiores en Seguridad<\/title>\n<meta name=\"robots\" content=\"index, follow, max-snippet:-1, max-image-preview:large, max-video-preview:-1\" \/>\n<link rel=\"canonical\" href=\"http:\/\/aeess.edu.mx\/?page_id=135\" \/>\n<meta property=\"og:locale\" content=\"es_MX\" \/>\n<meta property=\"og:type\" content=\"article\" \/>\n<meta property=\"og:title\" content=\"Ley Nacional de Ejecuci\u00f3n Penal - Academia Estatal de Estudios Superiores en Seguridad\" \/>\n<meta property=\"og:description\" content=\"En esta materia abordaremos las normas que deben observarse durante el internamiento por prisi\u00f3n preventiva, en la ejecuci\u00f3n de penas &hellip;\" \/>\n<meta property=\"og:url\" content=\"http:\/\/aeess.edu.mx\/?page_id=135\" \/>\n<meta property=\"og:site_name\" content=\"Academia Estatal de Estudios Superiores en Seguridad\" \/>\n<meta property=\"article:modified_time\" content=\"2021-11-24T16:29:47+00:00\" \/>\n<meta property=\"og:image\" content=\"http:\/\/aeess.edu.mx\/wp-content\/uploads\/2021\/09\/bnr-ley-nacional.jpg\" \/>\n<meta name=\"twitter:card\" content=\"summary_large_image\" \/>\n<meta name=\"twitter:label1\" content=\"Tiempo de lectura\" \/>\n\t<meta name=\"twitter:data1\" content=\"1 minuto\" \/>\n<script type=\"application\/ld+json\" class=\"yoast-schema-graph\">{\"@context\":\"https:\\\/\\\/schema.org\",\"@graph\":[{\"@type\":\"WebPage\",\"@id\":\"http:\\\/\\\/aeess.edu.mx\\\/?page_id=135\",\"url\":\"http:\\\/\\\/aeess.edu.mx\\\/?page_id=135\",\"name\":\"Ley Nacional de Ejecuci\u00f3n Penal - Academia Estatal de Estudios Superiores en Seguridad\",\"isPartOf\":{\"@id\":\"http:\\\/\\\/aeess.edu.mx\\\/#website\"},\"primaryImageOfPage\":{\"@id\":\"http:\\\/\\\/aeess.edu.mx\\\/?page_id=135#primaryimage\"},\"image\":{\"@id\":\"http:\\\/\\\/aeess.edu.mx\\\/?page_id=135#primaryimage\"},\"thumbnailUrl\":\"http:\\\/\\\/aeess.edu.mx\\\/wp-content\\\/uploads\\\/2021\\\/09\\\/bnr-ley-nacional.jpg\",\"datePublished\":\"2021-09-07T17:48:52+00:00\",\"dateModified\":\"2021-11-24T16:29:47+00:00\",\"breadcrumb\":{\"@id\":\"http:\\\/\\\/aeess.edu.mx\\\/?page_id=135#breadcrumb\"},\"inLanguage\":\"es\",\"potentialAction\":[{\"@type\":\"ReadAction\",\"target\":[\"http:\\\/\\\/aeess.edu.mx\\\/?page_id=135\"]}]},{\"@type\":\"ImageObject\",\"inLanguage\":\"es\",\"@id\":\"http:\\\/\\\/aeess.edu.mx\\\/?page_id=135#primaryimage\",\"url\":\"https:\\\/\\\/i0.wp.com\\\/aeess.edu.mx\\\/wp-content\\\/uploads\\\/2021\\\/09\\\/bnr-ley-nacional.jpg?fit=1155%2C338\",\"contentUrl\":\"https:\\\/\\\/i0.wp.com\\\/aeess.edu.mx\\\/wp-content\\\/uploads\\\/2021\\\/09\\\/bnr-ley-nacional.jpg?fit=1155%2C338\",\"width\":1155,\"height\":338},{\"@type\":\"BreadcrumbList\",\"@id\":\"http:\\\/\\\/aeess.edu.mx\\\/?page_id=135#breadcrumb\",\"itemListElement\":[{\"@type\":\"ListItem\",\"position\":1,\"name\":\"Inicio\",\"item\":\"http:\\\/\\\/aeess.edu.mx\\\/\"},{\"@type\":\"ListItem\",\"position\":2,\"name\":\"Ley Nacional de Ejecuci\u00f3n Penal\"}]},{\"@type\":\"WebSite\",\"@id\":\"http:\\\/\\\/aeess.edu.mx\\\/#website\",\"url\":\"http:\\\/\\\/aeess.edu.mx\\\/\",\"name\":\"Academia Estatal de Estudios Superiores en Seguridad\",\"description\":\"&quot;Formando a la Mejor Polic\u00eda de M\u00e9xico&quot;\",\"publisher\":{\"@id\":\"http:\\\/\\\/aeess.edu.mx\\\/#organization\"},\"potentialAction\":[{\"@type\":\"SearchAction\",\"target\":{\"@type\":\"EntryPoint\",\"urlTemplate\":\"http:\\\/\\\/aeess.edu.mx\\\/?s={search_term_string}\"},\"query-input\":{\"@type\":\"PropertyValueSpecification\",\"valueRequired\":true,\"valueName\":\"search_term_string\"}}],\"inLanguage\":\"es\"},{\"@type\":\"Organization\",\"@id\":\"http:\\\/\\\/aeess.edu.mx\\\/#organization\",\"name\":\"Academia Estatal de Estudios Superiores en Seguridad\",\"url\":\"http:\\\/\\\/aeess.edu.mx\\\/\",\"logo\":{\"@type\":\"ImageObject\",\"inLanguage\":\"es\",\"@id\":\"http:\\\/\\\/aeess.edu.mx\\\/#\\\/schema\\\/logo\\\/image\\\/\",\"url\":\"https:\\\/\\\/i0.wp.com\\\/aeess.edu.mx\\\/wp-content\\\/uploads\\\/2025\\\/04\\\/cropped-logos.jpg?fit=646%2C227\",\"contentUrl\":\"https:\\\/\\\/i0.wp.com\\\/aeess.edu.mx\\\/wp-content\\\/uploads\\\/2025\\\/04\\\/cropped-logos.jpg?fit=646%2C227\",\"width\":646,\"height\":227,\"caption\":\"Academia Estatal de Estudios Superiores en Seguridad\"},\"image\":{\"@id\":\"http:\\\/\\\/aeess.edu.mx\\\/#\\\/schema\\\/logo\\\/image\\\/\"}}]}<\/script>\n<!-- \/ Yoast SEO plugin. -->","yoast_head_json":{"title":"Ley Nacional de Ejecuci\u00f3n Penal - Academia Estatal de Estudios Superiores en Seguridad","robots":{"index":"index","follow":"follow","max-snippet":"max-snippet:-1","max-image-preview":"max-image-preview:large","max-video-preview":"max-video-preview:-1"},"canonical":"http:\/\/aeess.edu.mx\/?page_id=135","og_locale":"es_MX","og_type":"article","og_title":"Ley Nacional de Ejecuci\u00f3n Penal - Academia Estatal de Estudios Superiores en Seguridad","og_description":"En esta materia abordaremos las normas que deben observarse durante el internamiento por prisi\u00f3n preventiva, en la ejecuci\u00f3n de penas &hellip;","og_url":"http:\/\/aeess.edu.mx\/?page_id=135","og_site_name":"Academia Estatal de Estudios Superiores en Seguridad","article_modified_time":"2021-11-24T16:29:47+00:00","og_image":[{"url":"http:\/\/aeess.edu.mx\/wp-content\/uploads\/2021\/09\/bnr-ley-nacional.jpg","type":"","width":"","height":""}],"twitter_card":"summary_large_image","twitter_misc":{"Tiempo de lectura":"1 minuto"},"schema":{"@context":"https:\/\/schema.org","@graph":[{"@type":"WebPage","@id":"http:\/\/aeess.edu.mx\/?page_id=135","url":"http:\/\/aeess.edu.mx\/?page_id=135","name":"Ley Nacional de Ejecuci\u00f3n Penal - Academia Estatal de Estudios Superiores en Seguridad","isPartOf":{"@id":"http:\/\/aeess.edu.mx\/#website"},"primaryImageOfPage":{"@id":"http:\/\/aeess.edu.mx\/?page_id=135#primaryimage"},"image":{"@id":"http:\/\/aeess.edu.mx\/?page_id=135#primaryimage"},"thumbnailUrl":"http:\/\/aeess.edu.mx\/wp-content\/uploads\/2021\/09\/bnr-ley-nacional.jpg","datePublished":"2021-09-07T17:48:52+00:00","dateModified":"2021-11-24T16:29:47+00:00","breadcrumb":{"@id":"http:\/\/aeess.edu.mx\/?page_id=135#breadcrumb"},"inLanguage":"es","potentialAction":[{"@type":"ReadAction","target":["http:\/\/aeess.edu.mx\/?page_id=135"]}]},{"@type":"ImageObject","inLanguage":"es","@id":"http:\/\/aeess.edu.mx\/?page_id=135#primaryimage","url":"https:\/\/i0.wp.com\/aeess.edu.mx\/wp-content\/uploads\/2021\/09\/bnr-ley-nacional.jpg?fit=1155%2C338","contentUrl":"https:\/\/i0.wp.com\/aeess.edu.mx\/wp-content\/uploads\/2021\/09\/bnr-ley-nacional.jpg?fit=1155%2C338","width":1155,"height":338},{"@type":"BreadcrumbList","@id":"http:\/\/aeess.edu.mx\/?page_id=135#breadcrumb","itemListElement":[{"@type":"ListItem","position":1,"name":"Inicio","item":"http:\/\/aeess.edu.mx\/"},{"@type":"ListItem","position":2,"name":"Ley Nacional de Ejecuci\u00f3n Penal"}]},{"@type":"WebSite","@id":"http:\/\/aeess.edu.mx\/#website","url":"http:\/\/aeess.edu.mx\/","name":"Academia Estatal de Estudios Superiores en Seguridad","description":"&quot;Formando a la Mejor Polic\u00eda de M\u00e9xico&quot;","publisher":{"@id":"http:\/\/aeess.edu.mx\/#organization"},"potentialAction":[{"@type":"SearchAction","target":{"@type":"EntryPoint","urlTemplate":"http:\/\/aeess.edu.mx\/?s={search_term_string}"},"query-input":{"@type":"PropertyValueSpecification","valueRequired":true,"valueName":"search_term_string"}}],"inLanguage":"es"},{"@type":"Organization","@id":"http:\/\/aeess.edu.mx\/#organization","name":"Academia Estatal de Estudios Superiores en Seguridad","url":"http:\/\/aeess.edu.mx\/","logo":{"@type":"ImageObject","inLanguage":"es","@id":"http:\/\/aeess.edu.mx\/#\/schema\/logo\/image\/","url":"https:\/\/i0.wp.com\/aeess.edu.mx\/wp-content\/uploads\/2025\/04\/cropped-logos.jpg?fit=646%2C227","contentUrl":"https:\/\/i0.wp.com\/aeess.edu.mx\/wp-content\/uploads\/2025\/04\/cropped-logos.jpg?fit=646%2C227","width":646,"height":227,"caption":"Academia Estatal de Estudios Superiores en Seguridad"},"image":{"@id":"http:\/\/aeess.edu.mx\/#\/schema\/logo\/image\/"}}]}},"_links":{"self":[{"href":"http:\/\/aeess.edu.mx\/index.php?rest_route=\/wp\/v2\/pages\/135","targetHints":{"allow":["GET"]}}],"collection":[{"href":"http:\/\/aeess.edu.mx\/index.php?rest_route=\/wp\/v2\/pages"}],"about":[{"href":"http:\/\/aeess.edu.mx\/index.php?rest_route=\/wp\/v2\/types\/page"}],"author":[{"embeddable":true,"href":"http:\/\/aeess.edu.mx\/index.php?rest_route=\/wp\/v2\/users\/1"}],"replies":[{"embeddable":true,"href":"http:\/\/aeess.edu.mx\/index.php?rest_route=%2Fwp%2Fv2%2Fcomments&post=135"}],"version-history":[{"count":6,"href":"http:\/\/aeess.edu.mx\/index.php?rest_route=\/wp\/v2\/pages\/135\/revisions"}],"predecessor-version":[{"id":624,"href":"http:\/\/aeess.edu.mx\/index.php?rest_route=\/wp\/v2\/pages\/135\/revisions\/624"}],"wp:attachment":[{"href":"http:\/\/aeess.edu.mx\/index.php?rest_route=%2Fwp%2Fv2%2Fmedia&parent=135"}],"wp:term":[{"taxonomy":"folder","embeddable":true,"href":"http:\/\/aeess.edu.mx\/index.php?rest_route=%2Fwp%2Fv2%2Ffolder&post=135"}],"curies":[{"name":"wp","href":"https:\/\/api.w.org\/{rel}","templated":true}]}}