{"id":180,"date":"2021-09-07T19:52:25","date_gmt":"2021-09-07T19:52:25","guid":{"rendered":"http:\/\/aeess.edu.mx\/?page_id=180"},"modified":"2022-02-22T19:58:35","modified_gmt":"2022-02-22T19:58:35","slug":"requisitos","status":"publish","type":"page","link":"http:\/\/aeess.edu.mx\/?page_id=180","title":{"rendered":"Requisitos"},"content":{"rendered":"\n\n\t\t\t\t<img data-recalc-dims=\"1\" loading=\"lazy\" decoding=\"async\" src=\"https:\/\/i0.wp.com\/aeess.edu.mx\/wp-content\/uploads\/2021\/10\/requisitos.jpg?resize=750%2C264\" alt=\"requisitos\" itemprop=\"image\" height=\"264\" width=\"750\" title=\"requisitos\" onerror=\"this.style.display='none'\"  \/>\n\t<blockquote><p>\u00danete como cadete de Polic\u00eda y Custodio Acreditable<\/p><\/blockquote>\n\t\t\t\t<img data-recalc-dims=\"1\" loading=\"lazy\" decoding=\"async\" src=\"https:\/\/i0.wp.com\/aeess.edu.mx\/wp-content\/uploads\/2021\/10\/requisitos-img.jpg?resize=300%2C408\" alt=\"requisitos-img\" itemprop=\"image\" height=\"408\" width=\"300\" title=\"requisitos-img\" onerror=\"this.style.display='none'\"  \/>\n\t<strong>ESTUDIOS M\u00cdNIMOS<\/strong><br \/>\nBachillerato o Preparatoria (Polic\u00eda y Custodio Acreditable)\n<strong>EDAD REQUERIDA<br \/>\n<\/strong>18 a 35 A\u00f1os (Polic\u00eda y Custodio Acreditable)\n<strong>ESTATURA M\u00cdNIMA<br \/>\n<\/strong>\u00a01.58 m. Hombres, 1.50 m. Mujeres (Polic\u00eda y Custodio Acreditable)\n\t<h2><strong>Documentos a entregar\u00a0 para iniciar\u00a0 el\u00a0 proceso de reclutamiento<\/strong><\/h2>\n\t<p><strong>1.<\/strong>&#8211; Certificado\u00a0 m\u00e9dico de cualquier instituci\u00f3n \u00a0(Talla, peso, IMC, Tipo\u00a0 de sangre, presencia de tatuajes\u00a0 o\u00a0 perforaciones, as\u00ed como cualquier alteraci\u00f3n visual, auditiva o motriz)<\/p>\n<p><strong>2.- <\/strong>C\u00e9dula RFC<\/p>\n<p><strong>3.- <\/strong>Acta de nacimiento<\/p>\n<p><strong>4.- <\/strong>Acta de dependientes econ\u00f3micos<\/p>\n<p><strong>5.- <\/strong>Acta\u00a0 de matrimonio y\/o sentencia de divorcio (si aplica)<\/p>\n<p><strong>6.- <\/strong>Credencial de elector vigente<\/p>\n<p><strong>7.- <\/strong>CURP<\/p>\n<p><strong>8.- <\/strong>Curr\u00edculum vitae, actualizado con foto y firma<\/p>\n<p><strong>9.- <\/strong>En el caso de varones cartilla militar liberada<\/p>\n<p><strong>10.- <\/strong>Comprobante de \u00faltimo grado de estudios (Preparatoria o Bachillerato concluido)<\/p>\n\t<p>11.- Comprobante de domicilio reciente (agua, luz, tel\u00e9fono)<\/p>\n<p>12.- En caso de haber sido militar ordenes de baja y certificado de servicios<\/p>\n<p>13.- Estados de cuenta del \u00faltimo mes ya sea n\u00f3mina, cuenta de ahorro o cr\u00e9dito(si aplica)<\/p>\n<p>14.- Comprobante de ingresos del \u00faltimo mes(si aplica)<\/p>\n<p>15.- Comprobante de propiedad de veh\u00edculos(si aplica)<\/p>\n<p>16.- Comprobante de propiedad de inmuebles(si aplica)<\/p>\n<p>17.- Comprobante en caso de existir proceso penal o administrativo<\/p>\n<p>18.- Bur\u00f3\u00a0 de cr\u00e9dito y C\u00edrculo de cr\u00e9dito<\/p>\n<p>19.- Constancia de no antecedentes penales<\/p>\n<p>20.- Constancia de no inhabilitaci\u00f3n<\/p>\n<p>21.- 3 referencias\u00a0 personales,\u00a0 3 referencias\u00a0 vecinales, 3 referencias laborales (compa\u00f1eros de trabajo) y, 3 referencias laborales (jefes inmediatos)<\/p>\n\t<p>Descarga el Archivo en .pdf <a href=\"http:\/\/aeess.edu.mx\/wp-content\/uploads\/2022\/02\/Aqui.pdf\">Aqu\u00ed<\/a><\/p>\n\t\t\t<a href=\"http:\/\/aeess.edu.mx\/?page_id=184\" target=\"_self\" role=\"button\" rel=\"noopener\">\n\t\t\t\t\t\tContacto\n\t\t\t\t\t<\/a>\n\n","protected":false},"excerpt":{"rendered":"<p>\u00danete como cadete de Polic\u00eda y Custodio Acreditable ESTUDIOS M\u00cdNIMOS Bachillerato o Preparatoria (Polic\u00eda y Custodio Acreditable) EDAD REQUERIDA 18 &hellip; <\/p>\n","protected":false},"author":1,"featured_media":0,"parent":0,"menu_order":0,"comment_status":"closed","ping_status":"closed","template":"","meta":{"ngg_post_thumbnail":0,"pgc_sgb_lightbox_settings":"","footnotes":""},"folder":[],"class_list":["post-180","page","type-page","status-publish","hentry","latest_post"],"yoast_head":"<!-- This site is optimized with the Yoast SEO plugin v27.5 - https:\/\/yoast.com\/product\/yoast-seo-wordpress\/ -->\n<title>Requisitos - Academia Estatal de Estudios Superiores en Seguridad<\/title>\n<meta name=\"robots\" content=\"index, follow, max-snippet:-1, max-image-preview:large, max-video-preview:-1\" \/>\n<link rel=\"canonical\" href=\"http:\/\/aeess.edu.mx\/?page_id=180\" \/>\n<meta property=\"og:locale\" content=\"es_MX\" \/>\n<meta property=\"og:type\" content=\"article\" \/>\n<meta property=\"og:title\" content=\"Requisitos - Academia Estatal de Estudios Superiores en Seguridad\" \/>\n<meta property=\"og:description\" content=\"\u00danete como cadete de Polic\u00eda y Custodio Acreditable ESTUDIOS M\u00cdNIMOS Bachillerato o Preparatoria (Polic\u00eda y Custodio Acreditable) EDAD REQUERIDA 18 &hellip;\" \/>\n<meta property=\"og:url\" content=\"http:\/\/aeess.edu.mx\/?page_id=180\" \/>\n<meta property=\"og:site_name\" content=\"Academia Estatal de Estudios Superiores en Seguridad\" \/>\n<meta property=\"article:modified_time\" content=\"2022-02-22T19:58:35+00:00\" \/>\n<meta property=\"og:image\" content=\"http:\/\/aeess.edu.mx\/wp-content\/uploads\/2021\/10\/requisitos.jpg\" \/>\n<meta name=\"twitter:card\" content=\"summary_large_image\" \/>\n<meta name=\"twitter:label1\" content=\"Tiempo de lectura\" \/>\n\t<meta name=\"twitter:data1\" content=\"2 minutos\" \/>\n<script type=\"application\/ld+json\" class=\"yoast-schema-graph\">{\"@context\":\"https:\\\/\\\/schema.org\",\"@graph\":[{\"@type\":\"WebPage\",\"@id\":\"http:\\\/\\\/aeess.edu.mx\\\/?page_id=180\",\"url\":\"http:\\\/\\\/aeess.edu.mx\\\/?page_id=180\",\"name\":\"Requisitos - Academia Estatal de Estudios Superiores en Seguridad\",\"isPartOf\":{\"@id\":\"http:\\\/\\\/aeess.edu.mx\\\/#website\"},\"primaryImageOfPage\":{\"@id\":\"http:\\\/\\\/aeess.edu.mx\\\/?page_id=180#primaryimage\"},\"image\":{\"@id\":\"http:\\\/\\\/aeess.edu.mx\\\/?page_id=180#primaryimage\"},\"thumbnailUrl\":\"http:\\\/\\\/aeess.edu.mx\\\/wp-content\\\/uploads\\\/2021\\\/10\\\/requisitos.jpg\",\"datePublished\":\"2021-09-07T19:52:25+00:00\",\"dateModified\":\"2022-02-22T19:58:35+00:00\",\"breadcrumb\":{\"@id\":\"http:\\\/\\\/aeess.edu.mx\\\/?page_id=180#breadcrumb\"},\"inLanguage\":\"es\",\"potentialAction\":[{\"@type\":\"ReadAction\",\"target\":[\"http:\\\/\\\/aeess.edu.mx\\\/?page_id=180\"]}]},{\"@type\":\"ImageObject\",\"inLanguage\":\"es\",\"@id\":\"http:\\\/\\\/aeess.edu.mx\\\/?page_id=180#primaryimage\",\"url\":\"https:\\\/\\\/i0.wp.com\\\/aeess.edu.mx\\\/wp-content\\\/uploads\\\/2021\\\/10\\\/requisitos.jpg?fit=900%2C317\",\"contentUrl\":\"https:\\\/\\\/i0.wp.com\\\/aeess.edu.mx\\\/wp-content\\\/uploads\\\/2021\\\/10\\\/requisitos.jpg?fit=900%2C317\",\"width\":900,\"height\":317},{\"@type\":\"BreadcrumbList\",\"@id\":\"http:\\\/\\\/aeess.edu.mx\\\/?page_id=180#breadcrumb\",\"itemListElement\":[{\"@type\":\"ListItem\",\"position\":1,\"name\":\"Inicio\",\"item\":\"http:\\\/\\\/aeess.edu.mx\\\/\"},{\"@type\":\"ListItem\",\"position\":2,\"name\":\"Requisitos\"}]},{\"@type\":\"WebSite\",\"@id\":\"http:\\\/\\\/aeess.edu.mx\\\/#website\",\"url\":\"http:\\\/\\\/aeess.edu.mx\\\/\",\"name\":\"Academia Estatal de Estudios Superiores en Seguridad\",\"description\":\"&quot;Formando a la Mejor Polic\u00eda de M\u00e9xico&quot;\",\"publisher\":{\"@id\":\"http:\\\/\\\/aeess.edu.mx\\\/#organization\"},\"potentialAction\":[{\"@type\":\"SearchAction\",\"target\":{\"@type\":\"EntryPoint\",\"urlTemplate\":\"http:\\\/\\\/aeess.edu.mx\\\/?s={search_term_string}\"},\"query-input\":{\"@type\":\"PropertyValueSpecification\",\"valueRequired\":true,\"valueName\":\"search_term_string\"}}],\"inLanguage\":\"es\"},{\"@type\":\"Organization\",\"@id\":\"http:\\\/\\\/aeess.edu.mx\\\/#organization\",\"name\":\"Academia Estatal de Estudios Superiores en Seguridad\",\"url\":\"http:\\\/\\\/aeess.edu.mx\\\/\",\"logo\":{\"@type\":\"ImageObject\",\"inLanguage\":\"es\",\"@id\":\"http:\\\/\\\/aeess.edu.mx\\\/#\\\/schema\\\/logo\\\/image\\\/\",\"url\":\"https:\\\/\\\/i0.wp.com\\\/aeess.edu.mx\\\/wp-content\\\/uploads\\\/2025\\\/04\\\/cropped-logos.jpg?fit=646%2C227\",\"contentUrl\":\"https:\\\/\\\/i0.wp.com\\\/aeess.edu.mx\\\/wp-content\\\/uploads\\\/2025\\\/04\\\/cropped-logos.jpg?fit=646%2C227\",\"width\":646,\"height\":227,\"caption\":\"Academia Estatal de Estudios Superiores en Seguridad\"},\"image\":{\"@id\":\"http:\\\/\\\/aeess.edu.mx\\\/#\\\/schema\\\/logo\\\/image\\\/\"}}]}<\/script>\n<!-- \/ Yoast SEO plugin. -->","yoast_head_json":{"title":"Requisitos - Academia Estatal de Estudios Superiores en Seguridad","robots":{"index":"index","follow":"follow","max-snippet":"max-snippet:-1","max-image-preview":"max-image-preview:large","max-video-preview":"max-video-preview:-1"},"canonical":"http:\/\/aeess.edu.mx\/?page_id=180","og_locale":"es_MX","og_type":"article","og_title":"Requisitos - Academia Estatal de Estudios Superiores en Seguridad","og_description":"\u00danete como cadete de Polic\u00eda y Custodio Acreditable ESTUDIOS M\u00cdNIMOS Bachillerato o Preparatoria (Polic\u00eda y Custodio Acreditable) EDAD REQUERIDA 18 &hellip;","og_url":"http:\/\/aeess.edu.mx\/?page_id=180","og_site_name":"Academia Estatal de Estudios Superiores en Seguridad","article_modified_time":"2022-02-22T19:58:35+00:00","og_image":[{"url":"http:\/\/aeess.edu.mx\/wp-content\/uploads\/2021\/10\/requisitos.jpg","type":"","width":"","height":""}],"twitter_card":"summary_large_image","twitter_misc":{"Tiempo de lectura":"2 minutos"},"schema":{"@context":"https:\/\/schema.org","@graph":[{"@type":"WebPage","@id":"http:\/\/aeess.edu.mx\/?page_id=180","url":"http:\/\/aeess.edu.mx\/?page_id=180","name":"Requisitos - Academia Estatal de Estudios Superiores en Seguridad","isPartOf":{"@id":"http:\/\/aeess.edu.mx\/#website"},"primaryImageOfPage":{"@id":"http:\/\/aeess.edu.mx\/?page_id=180#primaryimage"},"image":{"@id":"http:\/\/aeess.edu.mx\/?page_id=180#primaryimage"},"thumbnailUrl":"http:\/\/aeess.edu.mx\/wp-content\/uploads\/2021\/10\/requisitos.jpg","datePublished":"2021-09-07T19:52:25+00:00","dateModified":"2022-02-22T19:58:35+00:00","breadcrumb":{"@id":"http:\/\/aeess.edu.mx\/?page_id=180#breadcrumb"},"inLanguage":"es","potentialAction":[{"@type":"ReadAction","target":["http:\/\/aeess.edu.mx\/?page_id=180"]}]},{"@type":"ImageObject","inLanguage":"es","@id":"http:\/\/aeess.edu.mx\/?page_id=180#primaryimage","url":"https:\/\/i0.wp.com\/aeess.edu.mx\/wp-content\/uploads\/2021\/10\/requisitos.jpg?fit=900%2C317","contentUrl":"https:\/\/i0.wp.com\/aeess.edu.mx\/wp-content\/uploads\/2021\/10\/requisitos.jpg?fit=900%2C317","width":900,"height":317},{"@type":"BreadcrumbList","@id":"http:\/\/aeess.edu.mx\/?page_id=180#breadcrumb","itemListElement":[{"@type":"ListItem","position":1,"name":"Inicio","item":"http:\/\/aeess.edu.mx\/"},{"@type":"ListItem","position":2,"name":"Requisitos"}]},{"@type":"WebSite","@id":"http:\/\/aeess.edu.mx\/#website","url":"http:\/\/aeess.edu.mx\/","name":"Academia Estatal de Estudios Superiores en Seguridad","description":"&quot;Formando a la Mejor Polic\u00eda de M\u00e9xico&quot;","publisher":{"@id":"http:\/\/aeess.edu.mx\/#organization"},"potentialAction":[{"@type":"SearchAction","target":{"@type":"EntryPoint","urlTemplate":"http:\/\/aeess.edu.mx\/?s={search_term_string}"},"query-input":{"@type":"PropertyValueSpecification","valueRequired":true,"valueName":"search_term_string"}}],"inLanguage":"es"},{"@type":"Organization","@id":"http:\/\/aeess.edu.mx\/#organization","name":"Academia Estatal de Estudios Superiores en Seguridad","url":"http:\/\/aeess.edu.mx\/","logo":{"@type":"ImageObject","inLanguage":"es","@id":"http:\/\/aeess.edu.mx\/#\/schema\/logo\/image\/","url":"https:\/\/i0.wp.com\/aeess.edu.mx\/wp-content\/uploads\/2025\/04\/cropped-logos.jpg?fit=646%2C227","contentUrl":"https:\/\/i0.wp.com\/aeess.edu.mx\/wp-content\/uploads\/2025\/04\/cropped-logos.jpg?fit=646%2C227","width":646,"height":227,"caption":"Academia Estatal de Estudios Superiores en Seguridad"},"image":{"@id":"http:\/\/aeess.edu.mx\/#\/schema\/logo\/image\/"}}]}},"_links":{"self":[{"href":"http:\/\/aeess.edu.mx\/index.php?rest_route=\/wp\/v2\/pages\/180","targetHints":{"allow":["GET"]}}],"collection":[{"href":"http:\/\/aeess.edu.mx\/index.php?rest_route=\/wp\/v2\/pages"}],"about":[{"href":"http:\/\/aeess.edu.mx\/index.php?rest_route=\/wp\/v2\/types\/page"}],"author":[{"embeddable":true,"href":"http:\/\/aeess.edu.mx\/index.php?rest_route=\/wp\/v2\/users\/1"}],"replies":[{"embeddable":true,"href":"http:\/\/aeess.edu.mx\/index.php?rest_route=%2Fwp%2Fv2%2Fcomments&post=180"}],"version-history":[{"count":16,"href":"http:\/\/aeess.edu.mx\/index.php?rest_route=\/wp\/v2\/pages\/180\/revisions"}],"predecessor-version":[{"id":843,"href":"http:\/\/aeess.edu.mx\/index.php?rest_route=\/wp\/v2\/pages\/180\/revisions\/843"}],"wp:attachment":[{"href":"http:\/\/aeess.edu.mx\/index.php?rest_route=%2Fwp%2Fv2%2Fmedia&parent=180"}],"wp:term":[{"taxonomy":"folder","embeddable":true,"href":"http:\/\/aeess.edu.mx\/index.php?rest_route=%2Fwp%2Fv2%2Ffolder&post=180"}],"curies":[{"name":"wp","href":"https:\/\/api.w.org\/{rel}","templated":true}]}}