{"id":37,"date":"2021-09-07T15:55:29","date_gmt":"2021-09-07T15:55:29","guid":{"rendered":"http:\/\/aeess.edu.mx\/?page_id=37"},"modified":"2024-02-27T17:13:58","modified_gmt":"2024-02-27T17:13:58","slug":"comisionado","status":"publish","type":"page","link":"http:\/\/aeess.edu.mx\/?page_id=37","title":{"rendered":"Comisionado"},"content":{"rendered":"\n\n\t<strong><img data-recalc-dims=\"1\" loading=\"lazy\" decoding=\"async\" src=\"https:\/\/i0.wp.com\/aeess.edu.mx\/wp-content\/uploads\/2022\/01\/ComisionadoGuarneros.jpg?resize=507%2C296\" alt=\"\" width=\"507\" height=\"296\" \/>ALMIRANTE RETIRADO JOS\u00c9 ANTONIO ORT\u00cdZ GUARNEROS<\/strong><br \/>\n<em>Comisionado Estatal de Seguridad P\u00fablica del Estado de Morelos.<\/em>\n<p>El Comisionado Estatal de Seguridad Publica de Morelos, tiene una licenciatura en Ingenier\u00eda en Ciencias Navales, y es egresado de la Heroica Escuela Naval\u00a0 Militar, en el Heroico Puerto de Veracruz.<\/p>\n<p>Cuenta con 2 posgrados:<\/p>\n<ul>\n<li>Maestr\u00eda en Administraci\u00f3n Naval (Diplomado de Estado Mayor), en el Centro de Estudios Superiores Navales, en la Ciudad de M\u00e9xico.<\/li>\n<li>Maestr\u00eda en Seguridad Nacional, en el Centro de Estudios Superiores Navales.<\/li>\n<li>A lo largo de 45 a\u00f1os se ha desempe\u00f1ado como:<\/li>\n<li>Oficial subalterno y Segundo Comandante en diversas unidades de superficie de la Armada de M\u00e9xico.<\/li>\n<li>Comandante de los buques: Patrulla \u00abPAPAGO\u00bb y Ca\u00f1onero \u00abDE LA VEGA\u00bb.<\/li>\n<li>Jefe de grupo del comando de la Flotilla de Seguridad de las unidades de vigilancia oce\u00e1nicas.<\/li>\n<li>Jefe de subsecci\u00f3n en el Estado Mayor General de la Armada de M\u00e9xico.<\/li>\n<li>Secretario particular y jefe de ayudantes del Almirante Jefe del Estado Mayor General de la Armada de M\u00e9xico.<\/li>\n<li>Jefe de Estado Mayor General de la Armada de M\u00e9xico.<\/li>\n<li>Comisionado en la Subprocuradur\u00eda de Investigaci\u00f3n Especializada en Delincuencia Organizada de la procuradur\u00eda general de la republica, ahora fiscal\u00eda general de la republica.<\/li>\n<li>Jefe administrativo de la 8\u00aa regi\u00f3n naval. En Acapulco, Guerrero.<\/li>\n<li>Director general adjunto de armamento.<\/li>\n<li>Jefe de estado Mayor de la 5\u00aa Zona Naval, en Frontera, Tabasco.<\/li>\n<li>Jefe de la secci\u00f3n 1\u00aa del Estado Mayor General de la Armada.<\/li>\n<li>Inspector del mando y jefe de Estado Mayor de la 1\u00aa regi\u00f3n naval en Veracruz, Veracruz.<\/li>\n<li>Comandante de la 14\u00aa zona naval, en Puerto Chiapas, Chiapas.<\/li>\n<li>8 reconocimientos por su perseverancia, 1983 a 2018.<\/li>\n<li>M\u00e9rito al docente naval 1\u00aa clase, 1998.<\/li>\n<li>Reconocimiento por\u00a0 su buen desempe\u00f1o y eficiencia en el C-03 \u00abJos\u00e9 Mar\u00eda de la Vega\u00bb, 2001.<\/li>\n<li>Reconocimiento por haber realizado el manual de Organizaci\u00f3n de Contingencia y Protecci\u00f3n Interna U.H. 23 noviembre, 2001.<\/li>\n<li>Reconocimiento por desempe\u00f1o profesional como J.G.C. de SEGFLOT, 2002.<\/li>\n<li>Reconocimiento por participaci\u00f3n CSO \u00abComo enfrentar y vivir con los medios\u00bb, 2006.<\/li>\n<li>Reconocimiento por haber impartido la organizaci\u00f3n y funcionamiento del EMGA, 2006.<\/li>\n<li>Reconocimiento por las atenciones brindadas en el desarrollo del Crucero \u00abOsean Facult Ciencia\u00bb, 2009.<\/li>\n<li>Distintivo de la Armada de M\u00e9xico por su desempe\u00f1o con distinci\u00f3n y eficiencia en el EMGA, 2006.<\/li>\n<\/ul>\n\n","protected":false},"excerpt":{"rendered":"<p>ALMIRANTE RETIRADO JOS\u00c9 ANTONIO ORT\u00cdZ GUARNEROS Comisionado Estatal de Seguridad P\u00fablica del Estado de Morelos. El Comisionado Estatal de Seguridad &hellip; <\/p>\n","protected":false},"author":1,"featured_media":0,"parent":0,"menu_order":0,"comment_status":"closed","ping_status":"closed","template":"","meta":{"ngg_post_thumbnail":0,"pgc_sgb_lightbox_settings":"","footnotes":""},"folder":[],"class_list":["post-37","page","type-page","status-publish","hentry","latest_post"],"yoast_head":"<!-- This site is optimized with the Yoast SEO plugin v27.5 - https:\/\/yoast.com\/product\/yoast-seo-wordpress\/ -->\n<title>Comisionado - Academia Estatal de Estudios Superiores en Seguridad<\/title>\n<meta name=\"robots\" content=\"index, follow, max-snippet:-1, max-image-preview:large, max-video-preview:-1\" \/>\n<link rel=\"canonical\" href=\"http:\/\/aeess.edu.mx\/?page_id=37\" \/>\n<meta property=\"og:locale\" content=\"es_MX\" \/>\n<meta property=\"og:type\" content=\"article\" \/>\n<meta property=\"og:title\" content=\"Comisionado - Academia Estatal de Estudios Superiores en Seguridad\" \/>\n<meta property=\"og:description\" content=\"ALMIRANTE RETIRADO JOS\u00c9 ANTONIO ORT\u00cdZ GUARNEROS Comisionado Estatal de Seguridad P\u00fablica del Estado de Morelos. El Comisionado Estatal de Seguridad &hellip;\" \/>\n<meta property=\"og:url\" content=\"http:\/\/aeess.edu.mx\/?page_id=37\" \/>\n<meta property=\"og:site_name\" content=\"Academia Estatal de Estudios Superiores en Seguridad\" \/>\n<meta property=\"article:modified_time\" content=\"2024-02-27T17:13:58+00:00\" \/>\n<meta property=\"og:image\" content=\"http:\/\/aeess.edu.mx\/wp-content\/uploads\/2022\/01\/ComisionadoGuarneros-300x175.jpg\" \/>\n<meta name=\"twitter:card\" content=\"summary_large_image\" \/>\n<meta name=\"twitter:label1\" content=\"Tiempo de lectura\" \/>\n\t<meta name=\"twitter:data1\" content=\"2 minutos\" \/>\n<script type=\"application\/ld+json\" class=\"yoast-schema-graph\">{\"@context\":\"https:\\\/\\\/schema.org\",\"@graph\":[{\"@type\":\"WebPage\",\"@id\":\"http:\\\/\\\/aeess.edu.mx\\\/?page_id=37\",\"url\":\"http:\\\/\\\/aeess.edu.mx\\\/?page_id=37\",\"name\":\"Comisionado - Academia Estatal de Estudios Superiores en Seguridad\",\"isPartOf\":{\"@id\":\"http:\\\/\\\/aeess.edu.mx\\\/#website\"},\"primaryImageOfPage\":{\"@id\":\"http:\\\/\\\/aeess.edu.mx\\\/?page_id=37#primaryimage\"},\"image\":{\"@id\":\"http:\\\/\\\/aeess.edu.mx\\\/?page_id=37#primaryimage\"},\"thumbnailUrl\":\"http:\\\/\\\/aeess.edu.mx\\\/wp-content\\\/uploads\\\/2022\\\/01\\\/ComisionadoGuarneros-300x175.jpg\",\"datePublished\":\"2021-09-07T15:55:29+00:00\",\"dateModified\":\"2024-02-27T17:13:58+00:00\",\"breadcrumb\":{\"@id\":\"http:\\\/\\\/aeess.edu.mx\\\/?page_id=37#breadcrumb\"},\"inLanguage\":\"es\",\"potentialAction\":[{\"@type\":\"ReadAction\",\"target\":[\"http:\\\/\\\/aeess.edu.mx\\\/?page_id=37\"]}]},{\"@type\":\"ImageObject\",\"inLanguage\":\"es\",\"@id\":\"http:\\\/\\\/aeess.edu.mx\\\/?page_id=37#primaryimage\",\"url\":\"https:\\\/\\\/i0.wp.com\\\/aeess.edu.mx\\\/wp-content\\\/uploads\\\/2022\\\/01\\\/ComisionadoGuarneros.jpg?fit=1280%2C747\",\"contentUrl\":\"https:\\\/\\\/i0.wp.com\\\/aeess.edu.mx\\\/wp-content\\\/uploads\\\/2022\\\/01\\\/ComisionadoGuarneros.jpg?fit=1280%2C747\",\"width\":1280,\"height\":747},{\"@type\":\"BreadcrumbList\",\"@id\":\"http:\\\/\\\/aeess.edu.mx\\\/?page_id=37#breadcrumb\",\"itemListElement\":[{\"@type\":\"ListItem\",\"position\":1,\"name\":\"Inicio\",\"item\":\"http:\\\/\\\/aeess.edu.mx\\\/\"},{\"@type\":\"ListItem\",\"position\":2,\"name\":\"Comisionado\"}]},{\"@type\":\"WebSite\",\"@id\":\"http:\\\/\\\/aeess.edu.mx\\\/#website\",\"url\":\"http:\\\/\\\/aeess.edu.mx\\\/\",\"name\":\"Academia Estatal de Estudios Superiores en Seguridad\",\"description\":\"&quot;Formando a la Mejor Polic\u00eda de M\u00e9xico&quot;\",\"publisher\":{\"@id\":\"http:\\\/\\\/aeess.edu.mx\\\/#organization\"},\"potentialAction\":[{\"@type\":\"SearchAction\",\"target\":{\"@type\":\"EntryPoint\",\"urlTemplate\":\"http:\\\/\\\/aeess.edu.mx\\\/?s={search_term_string}\"},\"query-input\":{\"@type\":\"PropertyValueSpecification\",\"valueRequired\":true,\"valueName\":\"search_term_string\"}}],\"inLanguage\":\"es\"},{\"@type\":\"Organization\",\"@id\":\"http:\\\/\\\/aeess.edu.mx\\\/#organization\",\"name\":\"Academia Estatal de Estudios Superiores en Seguridad\",\"url\":\"http:\\\/\\\/aeess.edu.mx\\\/\",\"logo\":{\"@type\":\"ImageObject\",\"inLanguage\":\"es\",\"@id\":\"http:\\\/\\\/aeess.edu.mx\\\/#\\\/schema\\\/logo\\\/image\\\/\",\"url\":\"https:\\\/\\\/i0.wp.com\\\/aeess.edu.mx\\\/wp-content\\\/uploads\\\/2025\\\/04\\\/cropped-logos.jpg?fit=646%2C227\",\"contentUrl\":\"https:\\\/\\\/i0.wp.com\\\/aeess.edu.mx\\\/wp-content\\\/uploads\\\/2025\\\/04\\\/cropped-logos.jpg?fit=646%2C227\",\"width\":646,\"height\":227,\"caption\":\"Academia Estatal de Estudios Superiores en Seguridad\"},\"image\":{\"@id\":\"http:\\\/\\\/aeess.edu.mx\\\/#\\\/schema\\\/logo\\\/image\\\/\"}}]}<\/script>\n<!-- \/ Yoast SEO plugin. -->","yoast_head_json":{"title":"Comisionado - Academia Estatal de Estudios Superiores en Seguridad","robots":{"index":"index","follow":"follow","max-snippet":"max-snippet:-1","max-image-preview":"max-image-preview:large","max-video-preview":"max-video-preview:-1"},"canonical":"http:\/\/aeess.edu.mx\/?page_id=37","og_locale":"es_MX","og_type":"article","og_title":"Comisionado - Academia Estatal de Estudios Superiores en Seguridad","og_description":"ALMIRANTE RETIRADO JOS\u00c9 ANTONIO ORT\u00cdZ GUARNEROS Comisionado Estatal de Seguridad P\u00fablica del Estado de Morelos. El Comisionado Estatal de Seguridad &hellip;","og_url":"http:\/\/aeess.edu.mx\/?page_id=37","og_site_name":"Academia Estatal de Estudios Superiores en Seguridad","article_modified_time":"2024-02-27T17:13:58+00:00","og_image":[{"url":"http:\/\/aeess.edu.mx\/wp-content\/uploads\/2022\/01\/ComisionadoGuarneros-300x175.jpg","type":"","width":"","height":""}],"twitter_card":"summary_large_image","twitter_misc":{"Tiempo de lectura":"2 minutos"},"schema":{"@context":"https:\/\/schema.org","@graph":[{"@type":"WebPage","@id":"http:\/\/aeess.edu.mx\/?page_id=37","url":"http:\/\/aeess.edu.mx\/?page_id=37","name":"Comisionado - Academia Estatal de Estudios Superiores en Seguridad","isPartOf":{"@id":"http:\/\/aeess.edu.mx\/#website"},"primaryImageOfPage":{"@id":"http:\/\/aeess.edu.mx\/?page_id=37#primaryimage"},"image":{"@id":"http:\/\/aeess.edu.mx\/?page_id=37#primaryimage"},"thumbnailUrl":"http:\/\/aeess.edu.mx\/wp-content\/uploads\/2022\/01\/ComisionadoGuarneros-300x175.jpg","datePublished":"2021-09-07T15:55:29+00:00","dateModified":"2024-02-27T17:13:58+00:00","breadcrumb":{"@id":"http:\/\/aeess.edu.mx\/?page_id=37#breadcrumb"},"inLanguage":"es","potentialAction":[{"@type":"ReadAction","target":["http:\/\/aeess.edu.mx\/?page_id=37"]}]},{"@type":"ImageObject","inLanguage":"es","@id":"http:\/\/aeess.edu.mx\/?page_id=37#primaryimage","url":"https:\/\/i0.wp.com\/aeess.edu.mx\/wp-content\/uploads\/2022\/01\/ComisionadoGuarneros.jpg?fit=1280%2C747","contentUrl":"https:\/\/i0.wp.com\/aeess.edu.mx\/wp-content\/uploads\/2022\/01\/ComisionadoGuarneros.jpg?fit=1280%2C747","width":1280,"height":747},{"@type":"BreadcrumbList","@id":"http:\/\/aeess.edu.mx\/?page_id=37#breadcrumb","itemListElement":[{"@type":"ListItem","position":1,"name":"Inicio","item":"http:\/\/aeess.edu.mx\/"},{"@type":"ListItem","position":2,"name":"Comisionado"}]},{"@type":"WebSite","@id":"http:\/\/aeess.edu.mx\/#website","url":"http:\/\/aeess.edu.mx\/","name":"Academia Estatal de Estudios Superiores en Seguridad","description":"&quot;Formando a la Mejor Polic\u00eda de M\u00e9xico&quot;","publisher":{"@id":"http:\/\/aeess.edu.mx\/#organization"},"potentialAction":[{"@type":"SearchAction","target":{"@type":"EntryPoint","urlTemplate":"http:\/\/aeess.edu.mx\/?s={search_term_string}"},"query-input":{"@type":"PropertyValueSpecification","valueRequired":true,"valueName":"search_term_string"}}],"inLanguage":"es"},{"@type":"Organization","@id":"http:\/\/aeess.edu.mx\/#organization","name":"Academia Estatal de Estudios Superiores en Seguridad","url":"http:\/\/aeess.edu.mx\/","logo":{"@type":"ImageObject","inLanguage":"es","@id":"http:\/\/aeess.edu.mx\/#\/schema\/logo\/image\/","url":"https:\/\/i0.wp.com\/aeess.edu.mx\/wp-content\/uploads\/2025\/04\/cropped-logos.jpg?fit=646%2C227","contentUrl":"https:\/\/i0.wp.com\/aeess.edu.mx\/wp-content\/uploads\/2025\/04\/cropped-logos.jpg?fit=646%2C227","width":646,"height":227,"caption":"Academia Estatal de Estudios Superiores en Seguridad"},"image":{"@id":"http:\/\/aeess.edu.mx\/#\/schema\/logo\/image\/"}}]}},"_links":{"self":[{"href":"http:\/\/aeess.edu.mx\/index.php?rest_route=\/wp\/v2\/pages\/37","targetHints":{"allow":["GET"]}}],"collection":[{"href":"http:\/\/aeess.edu.mx\/index.php?rest_route=\/wp\/v2\/pages"}],"about":[{"href":"http:\/\/aeess.edu.mx\/index.php?rest_route=\/wp\/v2\/types\/page"}],"author":[{"embeddable":true,"href":"http:\/\/aeess.edu.mx\/index.php?rest_route=\/wp\/v2\/users\/1"}],"replies":[{"embeddable":true,"href":"http:\/\/aeess.edu.mx\/index.php?rest_route=%2Fwp%2Fv2%2Fcomments&post=37"}],"version-history":[{"count":13,"href":"http:\/\/aeess.edu.mx\/index.php?rest_route=\/wp\/v2\/pages\/37\/revisions"}],"predecessor-version":[{"id":1249,"href":"http:\/\/aeess.edu.mx\/index.php?rest_route=\/wp\/v2\/pages\/37\/revisions\/1249"}],"wp:attachment":[{"href":"http:\/\/aeess.edu.mx\/index.php?rest_route=%2Fwp%2Fv2%2Fmedia&parent=37"}],"wp:term":[{"taxonomy":"folder","embeddable":true,"href":"http:\/\/aeess.edu.mx\/index.php?rest_route=%2Fwp%2Fv2%2Ffolder&post=37"}],"curies":[{"name":"wp","href":"https:\/\/api.w.org\/{rel}","templated":true}]}}