{"id":43,"date":"2021-09-07T15:57:04","date_gmt":"2021-09-07T15:57:04","guid":{"rendered":"http:\/\/aeess.edu.mx\/?page_id=43"},"modified":"2021-09-22T18:36:15","modified_gmt":"2021-09-22T18:36:15","slug":"vision","status":"publish","type":"page","link":"http:\/\/aeess.edu.mx\/?page_id=43","title":{"rendered":"Visi\u00f3n"},"content":{"rendered":"\n\n\t\t\t\t<img data-recalc-dims=\"1\" loading=\"lazy\" decoding=\"async\" src=\"https:\/\/i0.wp.com\/aeess.edu.mx\/wp-content\/uploads\/2021\/09\/vision.jpg?resize=668%2C224\" alt=\"vision\" itemprop=\"image\" height=\"224\" width=\"668\" title=\"vision\" onerror=\"this.style.display='none'\"  \/>\n\t<blockquote>\n<p>Formar a la mejor polic\u00eda de M\u00e9xico, a trav\u00e9s de la capacitaci\u00f3n en las t\u00e1cticas y t\u00e9cnicas propias de la profesi\u00f3n policiaca, form\u00e1ndolos con base en los valores de respeto, solidaridad, libertad, igualdad, honestidad, fraternidad, lealtad, honradez, humildad, disciplina, honor, superaci\u00f3n, compa\u00f1erismo y valor, a fin de lograr la formaci\u00f3n y transformaci\u00f3n del oficial de polic\u00eda y generar confianza y seguridad en quienes acuden a \u00e9l.<\/p>\n<\/blockquote>\n\n","protected":false},"excerpt":{"rendered":"<p>Formar a la mejor polic\u00eda de M\u00e9xico, a trav\u00e9s de la capacitaci\u00f3n en las t\u00e1cticas y t\u00e9cnicas propias de la &hellip; <\/p>\n","protected":false},"author":1,"featured_media":0,"parent":0,"menu_order":0,"comment_status":"closed","ping_status":"closed","template":"","meta":{"ngg_post_thumbnail":0,"pgc_sgb_lightbox_settings":"","footnotes":""},"folder":[],"class_list":["post-43","page","type-page","status-publish","hentry","latest_post"],"yoast_head":"<!-- This site is optimized with the Yoast SEO plugin v27.5 - https:\/\/yoast.com\/product\/yoast-seo-wordpress\/ -->\n<title>Visi\u00f3n - Academia Estatal de Estudios Superiores en Seguridad<\/title>\n<meta name=\"robots\" content=\"index, follow, max-snippet:-1, max-image-preview:large, max-video-preview:-1\" \/>\n<link rel=\"canonical\" href=\"http:\/\/aeess.edu.mx\/?page_id=43\" \/>\n<meta property=\"og:locale\" content=\"es_MX\" \/>\n<meta property=\"og:type\" content=\"article\" \/>\n<meta property=\"og:title\" content=\"Visi\u00f3n - Academia Estatal de Estudios Superiores en Seguridad\" \/>\n<meta property=\"og:description\" content=\"Formar a la mejor polic\u00eda de M\u00e9xico, a trav\u00e9s de la capacitaci\u00f3n en las t\u00e1cticas y t\u00e9cnicas propias de la &hellip;\" \/>\n<meta property=\"og:url\" content=\"http:\/\/aeess.edu.mx\/?page_id=43\" \/>\n<meta property=\"og:site_name\" content=\"Academia Estatal de Estudios Superiores en Seguridad\" \/>\n<meta property=\"article:modified_time\" content=\"2021-09-22T18:36:15+00:00\" \/>\n<meta property=\"og:image\" content=\"http:\/\/aeess.edu.mx\/wp-content\/uploads\/2021\/09\/vision.jpg\" \/>\n<meta name=\"twitter:card\" content=\"summary_large_image\" \/>\n<script type=\"application\/ld+json\" class=\"yoast-schema-graph\">{\"@context\":\"https:\\\/\\\/schema.org\",\"@graph\":[{\"@type\":\"WebPage\",\"@id\":\"http:\\\/\\\/aeess.edu.mx\\\/?page_id=43\",\"url\":\"http:\\\/\\\/aeess.edu.mx\\\/?page_id=43\",\"name\":\"Visi\u00f3n - Academia Estatal de Estudios Superiores en Seguridad\",\"isPartOf\":{\"@id\":\"http:\\\/\\\/aeess.edu.mx\\\/#website\"},\"primaryImageOfPage\":{\"@id\":\"http:\\\/\\\/aeess.edu.mx\\\/?page_id=43#primaryimage\"},\"image\":{\"@id\":\"http:\\\/\\\/aeess.edu.mx\\\/?page_id=43#primaryimage\"},\"thumbnailUrl\":\"http:\\\/\\\/aeess.edu.mx\\\/wp-content\\\/uploads\\\/2021\\\/09\\\/vision.jpg\",\"datePublished\":\"2021-09-07T15:57:04+00:00\",\"dateModified\":\"2021-09-22T18:36:15+00:00\",\"breadcrumb\":{\"@id\":\"http:\\\/\\\/aeess.edu.mx\\\/?page_id=43#breadcrumb\"},\"inLanguage\":\"es\",\"potentialAction\":[{\"@type\":\"ReadAction\",\"target\":[\"http:\\\/\\\/aeess.edu.mx\\\/?page_id=43\"]}]},{\"@type\":\"ImageObject\",\"inLanguage\":\"es\",\"@id\":\"http:\\\/\\\/aeess.edu.mx\\\/?page_id=43#primaryimage\",\"url\":\"https:\\\/\\\/i0.wp.com\\\/aeess.edu.mx\\\/wp-content\\\/uploads\\\/2021\\\/09\\\/vision.jpg?fit=668%2C224\",\"contentUrl\":\"https:\\\/\\\/i0.wp.com\\\/aeess.edu.mx\\\/wp-content\\\/uploads\\\/2021\\\/09\\\/vision.jpg?fit=668%2C224\",\"width\":668,\"height\":224},{\"@type\":\"BreadcrumbList\",\"@id\":\"http:\\\/\\\/aeess.edu.mx\\\/?page_id=43#breadcrumb\",\"itemListElement\":[{\"@type\":\"ListItem\",\"position\":1,\"name\":\"Inicio\",\"item\":\"http:\\\/\\\/aeess.edu.mx\\\/\"},{\"@type\":\"ListItem\",\"position\":2,\"name\":\"Visi\u00f3n\"}]},{\"@type\":\"WebSite\",\"@id\":\"http:\\\/\\\/aeess.edu.mx\\\/#website\",\"url\":\"http:\\\/\\\/aeess.edu.mx\\\/\",\"name\":\"Academia Estatal de Estudios Superiores en Seguridad\",\"description\":\"&quot;Formando a la Mejor Polic\u00eda de M\u00e9xico&quot;\",\"publisher\":{\"@id\":\"http:\\\/\\\/aeess.edu.mx\\\/#organization\"},\"potentialAction\":[{\"@type\":\"SearchAction\",\"target\":{\"@type\":\"EntryPoint\",\"urlTemplate\":\"http:\\\/\\\/aeess.edu.mx\\\/?s={search_term_string}\"},\"query-input\":{\"@type\":\"PropertyValueSpecification\",\"valueRequired\":true,\"valueName\":\"search_term_string\"}}],\"inLanguage\":\"es\"},{\"@type\":\"Organization\",\"@id\":\"http:\\\/\\\/aeess.edu.mx\\\/#organization\",\"name\":\"Academia Estatal de Estudios Superiores en Seguridad\",\"url\":\"http:\\\/\\\/aeess.edu.mx\\\/\",\"logo\":{\"@type\":\"ImageObject\",\"inLanguage\":\"es\",\"@id\":\"http:\\\/\\\/aeess.edu.mx\\\/#\\\/schema\\\/logo\\\/image\\\/\",\"url\":\"https:\\\/\\\/i0.wp.com\\\/aeess.edu.mx\\\/wp-content\\\/uploads\\\/2025\\\/04\\\/cropped-logos.jpg?fit=646%2C227\",\"contentUrl\":\"https:\\\/\\\/i0.wp.com\\\/aeess.edu.mx\\\/wp-content\\\/uploads\\\/2025\\\/04\\\/cropped-logos.jpg?fit=646%2C227\",\"width\":646,\"height\":227,\"caption\":\"Academia Estatal de Estudios Superiores en Seguridad\"},\"image\":{\"@id\":\"http:\\\/\\\/aeess.edu.mx\\\/#\\\/schema\\\/logo\\\/image\\\/\"}}]}<\/script>\n<!-- \/ Yoast SEO plugin. -->","yoast_head_json":{"title":"Visi\u00f3n - Academia Estatal de Estudios Superiores en Seguridad","robots":{"index":"index","follow":"follow","max-snippet":"max-snippet:-1","max-image-preview":"max-image-preview:large","max-video-preview":"max-video-preview:-1"},"canonical":"http:\/\/aeess.edu.mx\/?page_id=43","og_locale":"es_MX","og_type":"article","og_title":"Visi\u00f3n - Academia Estatal de Estudios Superiores en Seguridad","og_description":"Formar a la mejor polic\u00eda de M\u00e9xico, a trav\u00e9s de la capacitaci\u00f3n en las t\u00e1cticas y t\u00e9cnicas propias de la &hellip;","og_url":"http:\/\/aeess.edu.mx\/?page_id=43","og_site_name":"Academia Estatal de Estudios Superiores en Seguridad","article_modified_time":"2021-09-22T18:36:15+00:00","og_image":[{"url":"http:\/\/aeess.edu.mx\/wp-content\/uploads\/2021\/09\/vision.jpg","type":"","width":"","height":""}],"twitter_card":"summary_large_image","schema":{"@context":"https:\/\/schema.org","@graph":[{"@type":"WebPage","@id":"http:\/\/aeess.edu.mx\/?page_id=43","url":"http:\/\/aeess.edu.mx\/?page_id=43","name":"Visi\u00f3n - Academia Estatal de Estudios Superiores en Seguridad","isPartOf":{"@id":"http:\/\/aeess.edu.mx\/#website"},"primaryImageOfPage":{"@id":"http:\/\/aeess.edu.mx\/?page_id=43#primaryimage"},"image":{"@id":"http:\/\/aeess.edu.mx\/?page_id=43#primaryimage"},"thumbnailUrl":"http:\/\/aeess.edu.mx\/wp-content\/uploads\/2021\/09\/vision.jpg","datePublished":"2021-09-07T15:57:04+00:00","dateModified":"2021-09-22T18:36:15+00:00","breadcrumb":{"@id":"http:\/\/aeess.edu.mx\/?page_id=43#breadcrumb"},"inLanguage":"es","potentialAction":[{"@type":"ReadAction","target":["http:\/\/aeess.edu.mx\/?page_id=43"]}]},{"@type":"ImageObject","inLanguage":"es","@id":"http:\/\/aeess.edu.mx\/?page_id=43#primaryimage","url":"https:\/\/i0.wp.com\/aeess.edu.mx\/wp-content\/uploads\/2021\/09\/vision.jpg?fit=668%2C224","contentUrl":"https:\/\/i0.wp.com\/aeess.edu.mx\/wp-content\/uploads\/2021\/09\/vision.jpg?fit=668%2C224","width":668,"height":224},{"@type":"BreadcrumbList","@id":"http:\/\/aeess.edu.mx\/?page_id=43#breadcrumb","itemListElement":[{"@type":"ListItem","position":1,"name":"Inicio","item":"http:\/\/aeess.edu.mx\/"},{"@type":"ListItem","position":2,"name":"Visi\u00f3n"}]},{"@type":"WebSite","@id":"http:\/\/aeess.edu.mx\/#website","url":"http:\/\/aeess.edu.mx\/","name":"Academia Estatal de Estudios Superiores en Seguridad","description":"&quot;Formando a la Mejor Polic\u00eda de M\u00e9xico&quot;","publisher":{"@id":"http:\/\/aeess.edu.mx\/#organization"},"potentialAction":[{"@type":"SearchAction","target":{"@type":"EntryPoint","urlTemplate":"http:\/\/aeess.edu.mx\/?s={search_term_string}"},"query-input":{"@type":"PropertyValueSpecification","valueRequired":true,"valueName":"search_term_string"}}],"inLanguage":"es"},{"@type":"Organization","@id":"http:\/\/aeess.edu.mx\/#organization","name":"Academia Estatal de Estudios Superiores en Seguridad","url":"http:\/\/aeess.edu.mx\/","logo":{"@type":"ImageObject","inLanguage":"es","@id":"http:\/\/aeess.edu.mx\/#\/schema\/logo\/image\/","url":"https:\/\/i0.wp.com\/aeess.edu.mx\/wp-content\/uploads\/2025\/04\/cropped-logos.jpg?fit=646%2C227","contentUrl":"https:\/\/i0.wp.com\/aeess.edu.mx\/wp-content\/uploads\/2025\/04\/cropped-logos.jpg?fit=646%2C227","width":646,"height":227,"caption":"Academia Estatal de Estudios Superiores en Seguridad"},"image":{"@id":"http:\/\/aeess.edu.mx\/#\/schema\/logo\/image\/"}}]}},"_links":{"self":[{"href":"http:\/\/aeess.edu.mx\/index.php?rest_route=\/wp\/v2\/pages\/43","targetHints":{"allow":["GET"]}}],"collection":[{"href":"http:\/\/aeess.edu.mx\/index.php?rest_route=\/wp\/v2\/pages"}],"about":[{"href":"http:\/\/aeess.edu.mx\/index.php?rest_route=\/wp\/v2\/types\/page"}],"author":[{"embeddable":true,"href":"http:\/\/aeess.edu.mx\/index.php?rest_route=\/wp\/v2\/users\/1"}],"replies":[{"embeddable":true,"href":"http:\/\/aeess.edu.mx\/index.php?rest_route=%2Fwp%2Fv2%2Fcomments&post=43"}],"version-history":[{"count":5,"href":"http:\/\/aeess.edu.mx\/index.php?rest_route=\/wp\/v2\/pages\/43\/revisions"}],"predecessor-version":[{"id":381,"href":"http:\/\/aeess.edu.mx\/index.php?rest_route=\/wp\/v2\/pages\/43\/revisions\/381"}],"wp:attachment":[{"href":"http:\/\/aeess.edu.mx\/index.php?rest_route=%2Fwp%2Fv2%2Fmedia&parent=43"}],"wp:term":[{"taxonomy":"folder","embeddable":true,"href":"http:\/\/aeess.edu.mx\/index.php?rest_route=%2Fwp%2Fv2%2Ffolder&post=43"}],"curies":[{"name":"wp","href":"https:\/\/api.w.org\/{rel}","templated":true}]}}