{"id":430,"date":"2021-09-23T18:45:34","date_gmt":"2021-09-23T18:45:34","guid":{"rendered":"http:\/\/aeess.edu.mx\/?page_id=430"},"modified":"2021-09-23T19:25:32","modified_gmt":"2021-09-23T19:25:32","slug":"formacion-inicial-policia-preventivo","status":"publish","type":"page","link":"http:\/\/aeess.edu.mx\/?page_id=430","title":{"rendered":"Formaci\u00f3n Inicial Polic\u00eda Preventivo"},"content":{"rendered":"\n<img data-recalc-dims=\"1\" loading=\"lazy\" decoding=\"async\" src=\"https:\/\/i0.wp.com\/aeess.edu.mx\/wp-content\/uploads\/2021\/09\/presencial-formacion-inicial.webp?resize=750%2C142\" alt=\"presencial-formacion-inicial\" itemprop=\"image\" height=\"142\" width=\"750\" title=\"presencial-formacion-inicial\" onerror=\"this.style.display='none'\">\n\t<p>La FIPP es la estrategia para dar respuesta a la demanda social de contar con profesionales que salvaguarden la integridad y los derechos de las personas, que tengan la capacidad y los conocimientos para preservar el orden y la paz p\u00fablica.<\/p>\n\t<div class=\"rtbs  rtbs_presencial-formacion-inicial\"><div class=\"rtbs_slug\" style=\"display:none\">presencial-formacion-inicial<\/div><div class=\"rtbs_inactive_tab_background\" style=\"display:none\">transparent<\/div><div class=\"rtbs_breakpoint\" style=\"display:none\">400<\/div><div class=\"rtbs_color\" style=\"display:none\">#12bece<\/div>\r\n        <div class=\"rtbs_menu\">\r\n            <ul>\r\n                <li class=\"mobile_toggle\">&zwnj;<\/li><li class=\"current\"><a style=\"background:#12bece\" class=\"active presencial-formacion-inicial-tab-link-0\" href=\"#\" data-tab=\"#presencial-formacion-inicial-tab-0\">Objetivo<\/a><\/li><li><a href=\"#\" data-tab=\"#presencial-formacion-inicial-tab-1\" class=\"presencial-formacion-inicial-tab-link-1\">Perfil de Ingreso<\/a><\/li><li><a href=\"#\" data-tab=\"#presencial-formacion-inicial-tab-2\" class=\"presencial-formacion-inicial-tab-link-2\">Perfil de Egreso<\/a><\/li><li><a href=\"#\" data-tab=\"#presencial-formacion-inicial-tab-3\" class=\"presencial-formacion-inicial-tab-link-3\">Detalles de Contacto<\/a><\/li>\r\n            <\/ul>\r\n        <\/div><div style=\"border-top:7px solid #12bece;\" id=\"presencial-formacion-inicial-tab-0\" class=\"rtbs_content active\"><p><img data-recalc-dims=\"1\" loading=\"lazy\" decoding=\"async\" class=\"size-full wp-image-289 alignleft\" src=\"https:\/\/i0.wp.com\/aeess.edu.mx\/wp-content\/uploads\/2021\/09\/objetivo-aprendizaje.jpg?resize=150%2C138\" alt=\"\" width=\"150\" height=\"138\" \/>Formar a los futuros polic\u00edas, mediante la adquisici\u00f3n de conocimientos, t\u00e9cnicas, t\u00e1cticas y habilidades que les permitan responder de manera eficiente con su actuaci\u00f3n.<\/p>\n<div style=\"margin-top:30px; clear:both;\"><\/div><\/div><div style=\"border-top:7px solid #12bece;\" id=\"presencial-formacion-inicial-tab-1\" class=\"rtbs_content\"><p>El perfil de ingreso (requisitos) determina \u00fanicamente las aptitudes y actitudes que los aspirantes deben reunir para garantizar un buen aprovechamiento acad\u00e9mico y un apropiado desempe\u00f1o de las actividades inherentes a la funci\u00f3n del polic\u00eda preventivo.<\/p>\n<p>En este orden de ideas, se establecen requisitos comunes, que se distinguen de aquellos que deber\u00e1n valorarse para cada una de las \u00e1reas en que habr\u00e1n de formarse y que son:<\/p>\n<ul>\n<li>\u2022 Integraci\u00f3n de la personalidad.<\/li>\n<li>\u2022 Actitudes y aptitudes.<\/li>\n<li>\u2022 Caracter\u00edsticas f\u00edsico atl\u00e9ticas.<\/li>\n<li>\u2022 Salud f\u00edsica y mental.<\/li>\n<\/ul>\n<div style=\"margin-top:30px; clear:both;\"><\/div><\/div><div style=\"border-top:7px solid #12bece;\" id=\"presencial-formacion-inicial-tab-2\" class=\"rtbs_content\"><ul>\n<li>\u2022 Actuar proactivamente por el bienestar y la seguridad de la sociedad con el fin de salvaguardar la vida e integridad f\u00edsica de las personas y sus bienes para lograr un M\u00e9xico en paz.<\/li>\n<li>\u2022 Actuar dentro del marco de la legalidad.<\/li>\n<li>\u2022 Ejercer la funci\u00f3n policial con estricto respeto a los derechos humanos, cultura de la legalidad, perspectiva de g\u00e9nero, \u00e9tica policial y dignidad de las personas basadas en la doctrina policial.<\/li>\n<li>\u2022 Detectar vulnerabilidades dentro del tejido social que generen riesgos a la seguridad p\u00fablica.<\/li>\n<li>\u2022 Aplicar en su actuaci\u00f3n, el uso racional de la fuerza.<\/li>\n<li>\u2022 Elaborar documentos policiales.<\/li>\n<li>\u2022 Emplear apropiada y responsablemente armas de fuego.<\/li>\n<li>\u2022 Identificar los requisitos legales para realizar detenciones en flagrancia.<\/li>\n<li>\u2022 Realizar los diferentes protocolos de actuaci\u00f3n policial previstos en el sistema de justicia penal.<\/li>\n<li>\u2022 Ser un servidor p\u00fablico m\u00e1s honesto y t\u00e9cnicamente preparado para el desempe\u00f1o de su funci\u00f3n. (Programa Rector de Profesionalizaci\u00f3n 2017 Secretariado Ejecutivo del Sistema Nacional de Seguridad P\u00fablica del 9 de agosto de 2019).<\/li>\n<\/ul>\n<div style=\"margin-top:30px; clear:both;\"><\/div><\/div><div style=\"border-top:7px solid #12bece;\" id=\"presencial-formacion-inicial-tab-3\" class=\"rtbs_content\"><p class=\"s1FBdq o18H-b---typography-11-runningText o18H-b---priority-7-primary s2GijN o3cMdy---location-4-BODY\" aria-hidden=\"false\" data-hook=\"location-address\">Location 1<br \/>7776787191<br \/>serviciosescolares.aees@gmail.com<\/p>\n<div style=\"margin-top:30px; clear:both;\"><\/div><\/div>\r\n    <\/div>\r\n    \n","protected":false},"excerpt":{"rendered":"","protected":false},"author":1,"featured_media":0,"parent":0,"menu_order":0,"comment_status":"closed","ping_status":"closed","template":"","meta":{"ngg_post_thumbnail":0,"pgc_sgb_lightbox_settings":"","footnotes":""},"folder":[6],"class_list":["post-430","page","type-page","status-publish","hentry","latest_post"],"yoast_head":"<!-- This site is optimized with the Yoast SEO plugin v27.5 - https:\/\/yoast.com\/product\/yoast-seo-wordpress\/ -->\n<title>Formaci\u00f3n Inicial Polic\u00eda Preventivo - Academia Estatal de Estudios Superiores en Seguridad<\/title>\n<meta name=\"robots\" content=\"index, follow, max-snippet:-1, max-image-preview:large, max-video-preview:-1\" \/>\n<link rel=\"canonical\" href=\"http:\/\/aeess.edu.mx\/?page_id=430\" \/>\n<meta property=\"og:locale\" content=\"es_MX\" \/>\n<meta property=\"og:type\" content=\"article\" \/>\n<meta property=\"og:title\" content=\"Formaci\u00f3n Inicial Polic\u00eda Preventivo - Academia Estatal de Estudios Superiores en Seguridad\" \/>\n<meta property=\"og:description\" content=\"La FIPP es la estrategia para dar respuesta a la demanda social de contar con profesionales que salvaguarden la integridad &hellip;\" \/>\n<meta property=\"og:url\" content=\"http:\/\/aeess.edu.mx\/?page_id=430\" \/>\n<meta property=\"og:site_name\" content=\"Academia Estatal de Estudios Superiores en Seguridad\" \/>\n<meta property=\"article:modified_time\" content=\"2021-09-23T19:25:32+00:00\" \/>\n<meta property=\"og:image\" content=\"http:\/\/aeess.edu.mx\/wp-content\/uploads\/2021\/09\/presencial-formacion-inicial.webp\" \/>\n<meta name=\"twitter:card\" content=\"summary_large_image\" \/>\n<script type=\"application\/ld+json\" class=\"yoast-schema-graph\">{\"@context\":\"https:\\\/\\\/schema.org\",\"@graph\":[{\"@type\":\"WebPage\",\"@id\":\"http:\\\/\\\/aeess.edu.mx\\\/?page_id=430\",\"url\":\"http:\\\/\\\/aeess.edu.mx\\\/?page_id=430\",\"name\":\"Formaci\u00f3n Inicial Polic\u00eda Preventivo - Academia Estatal de Estudios Superiores en Seguridad\",\"isPartOf\":{\"@id\":\"http:\\\/\\\/aeess.edu.mx\\\/#website\"},\"primaryImageOfPage\":{\"@id\":\"http:\\\/\\\/aeess.edu.mx\\\/?page_id=430#primaryimage\"},\"image\":{\"@id\":\"http:\\\/\\\/aeess.edu.mx\\\/?page_id=430#primaryimage\"},\"thumbnailUrl\":\"http:\\\/\\\/aeess.edu.mx\\\/wp-content\\\/uploads\\\/2021\\\/09\\\/presencial-formacion-inicial.webp\",\"datePublished\":\"2021-09-23T18:45:34+00:00\",\"dateModified\":\"2021-09-23T19:25:32+00:00\",\"breadcrumb\":{\"@id\":\"http:\\\/\\\/aeess.edu.mx\\\/?page_id=430#breadcrumb\"},\"inLanguage\":\"es\",\"potentialAction\":[{\"@type\":\"ReadAction\",\"target\":[\"http:\\\/\\\/aeess.edu.mx\\\/?page_id=430\"]}]},{\"@type\":\"ImageObject\",\"inLanguage\":\"es\",\"@id\":\"http:\\\/\\\/aeess.edu.mx\\\/?page_id=430#primaryimage\",\"url\":\"https:\\\/\\\/i0.wp.com\\\/aeess.edu.mx\\\/wp-content\\\/uploads\\\/2021\\\/09\\\/presencial-formacion-inicial.webp?fit=1903%2C360\",\"contentUrl\":\"https:\\\/\\\/i0.wp.com\\\/aeess.edu.mx\\\/wp-content\\\/uploads\\\/2021\\\/09\\\/presencial-formacion-inicial.webp?fit=1903%2C360\",\"width\":1903,\"height\":360},{\"@type\":\"BreadcrumbList\",\"@id\":\"http:\\\/\\\/aeess.edu.mx\\\/?page_id=430#breadcrumb\",\"itemListElement\":[{\"@type\":\"ListItem\",\"position\":1,\"name\":\"Inicio\",\"item\":\"http:\\\/\\\/aeess.edu.mx\\\/\"},{\"@type\":\"ListItem\",\"position\":2,\"name\":\"Formaci\u00f3n Inicial Polic\u00eda Preventivo\"}]},{\"@type\":\"WebSite\",\"@id\":\"http:\\\/\\\/aeess.edu.mx\\\/#website\",\"url\":\"http:\\\/\\\/aeess.edu.mx\\\/\",\"name\":\"Academia Estatal de Estudios Superiores en Seguridad\",\"description\":\"&quot;Formando a la Mejor Polic\u00eda de M\u00e9xico&quot;\",\"publisher\":{\"@id\":\"http:\\\/\\\/aeess.edu.mx\\\/#organization\"},\"potentialAction\":[{\"@type\":\"SearchAction\",\"target\":{\"@type\":\"EntryPoint\",\"urlTemplate\":\"http:\\\/\\\/aeess.edu.mx\\\/?s={search_term_string}\"},\"query-input\":{\"@type\":\"PropertyValueSpecification\",\"valueRequired\":true,\"valueName\":\"search_term_string\"}}],\"inLanguage\":\"es\"},{\"@type\":\"Organization\",\"@id\":\"http:\\\/\\\/aeess.edu.mx\\\/#organization\",\"name\":\"Academia Estatal de Estudios Superiores en Seguridad\",\"url\":\"http:\\\/\\\/aeess.edu.mx\\\/\",\"logo\":{\"@type\":\"ImageObject\",\"inLanguage\":\"es\",\"@id\":\"http:\\\/\\\/aeess.edu.mx\\\/#\\\/schema\\\/logo\\\/image\\\/\",\"url\":\"https:\\\/\\\/i0.wp.com\\\/aeess.edu.mx\\\/wp-content\\\/uploads\\\/2025\\\/04\\\/cropped-logos.jpg?fit=646%2C227\",\"contentUrl\":\"https:\\\/\\\/i0.wp.com\\\/aeess.edu.mx\\\/wp-content\\\/uploads\\\/2025\\\/04\\\/cropped-logos.jpg?fit=646%2C227\",\"width\":646,\"height\":227,\"caption\":\"Academia Estatal de Estudios Superiores en Seguridad\"},\"image\":{\"@id\":\"http:\\\/\\\/aeess.edu.mx\\\/#\\\/schema\\\/logo\\\/image\\\/\"}}]}<\/script>\n<!-- \/ Yoast SEO plugin. -->","yoast_head_json":{"title":"Formaci\u00f3n Inicial Polic\u00eda Preventivo - Academia Estatal de Estudios Superiores en Seguridad","robots":{"index":"index","follow":"follow","max-snippet":"max-snippet:-1","max-image-preview":"max-image-preview:large","max-video-preview":"max-video-preview:-1"},"canonical":"http:\/\/aeess.edu.mx\/?page_id=430","og_locale":"es_MX","og_type":"article","og_title":"Formaci\u00f3n Inicial Polic\u00eda Preventivo - Academia Estatal de Estudios Superiores en Seguridad","og_description":"La FIPP es la estrategia para dar respuesta a la demanda social de contar con profesionales que salvaguarden la integridad &hellip;","og_url":"http:\/\/aeess.edu.mx\/?page_id=430","og_site_name":"Academia Estatal de Estudios Superiores en Seguridad","article_modified_time":"2021-09-23T19:25:32+00:00","og_image":[{"url":"http:\/\/aeess.edu.mx\/wp-content\/uploads\/2021\/09\/presencial-formacion-inicial.webp","type":"","width":"","height":""}],"twitter_card":"summary_large_image","schema":{"@context":"https:\/\/schema.org","@graph":[{"@type":"WebPage","@id":"http:\/\/aeess.edu.mx\/?page_id=430","url":"http:\/\/aeess.edu.mx\/?page_id=430","name":"Formaci\u00f3n Inicial Polic\u00eda Preventivo - Academia Estatal de Estudios Superiores en Seguridad","isPartOf":{"@id":"http:\/\/aeess.edu.mx\/#website"},"primaryImageOfPage":{"@id":"http:\/\/aeess.edu.mx\/?page_id=430#primaryimage"},"image":{"@id":"http:\/\/aeess.edu.mx\/?page_id=430#primaryimage"},"thumbnailUrl":"http:\/\/aeess.edu.mx\/wp-content\/uploads\/2021\/09\/presencial-formacion-inicial.webp","datePublished":"2021-09-23T18:45:34+00:00","dateModified":"2021-09-23T19:25:32+00:00","breadcrumb":{"@id":"http:\/\/aeess.edu.mx\/?page_id=430#breadcrumb"},"inLanguage":"es","potentialAction":[{"@type":"ReadAction","target":["http:\/\/aeess.edu.mx\/?page_id=430"]}]},{"@type":"ImageObject","inLanguage":"es","@id":"http:\/\/aeess.edu.mx\/?page_id=430#primaryimage","url":"https:\/\/i0.wp.com\/aeess.edu.mx\/wp-content\/uploads\/2021\/09\/presencial-formacion-inicial.webp?fit=1903%2C360","contentUrl":"https:\/\/i0.wp.com\/aeess.edu.mx\/wp-content\/uploads\/2021\/09\/presencial-formacion-inicial.webp?fit=1903%2C360","width":1903,"height":360},{"@type":"BreadcrumbList","@id":"http:\/\/aeess.edu.mx\/?page_id=430#breadcrumb","itemListElement":[{"@type":"ListItem","position":1,"name":"Inicio","item":"http:\/\/aeess.edu.mx\/"},{"@type":"ListItem","position":2,"name":"Formaci\u00f3n Inicial Polic\u00eda Preventivo"}]},{"@type":"WebSite","@id":"http:\/\/aeess.edu.mx\/#website","url":"http:\/\/aeess.edu.mx\/","name":"Academia Estatal de Estudios Superiores en Seguridad","description":"&quot;Formando a la Mejor Polic\u00eda de M\u00e9xico&quot;","publisher":{"@id":"http:\/\/aeess.edu.mx\/#organization"},"potentialAction":[{"@type":"SearchAction","target":{"@type":"EntryPoint","urlTemplate":"http:\/\/aeess.edu.mx\/?s={search_term_string}"},"query-input":{"@type":"PropertyValueSpecification","valueRequired":true,"valueName":"search_term_string"}}],"inLanguage":"es"},{"@type":"Organization","@id":"http:\/\/aeess.edu.mx\/#organization","name":"Academia Estatal de Estudios Superiores en Seguridad","url":"http:\/\/aeess.edu.mx\/","logo":{"@type":"ImageObject","inLanguage":"es","@id":"http:\/\/aeess.edu.mx\/#\/schema\/logo\/image\/","url":"https:\/\/i0.wp.com\/aeess.edu.mx\/wp-content\/uploads\/2025\/04\/cropped-logos.jpg?fit=646%2C227","contentUrl":"https:\/\/i0.wp.com\/aeess.edu.mx\/wp-content\/uploads\/2025\/04\/cropped-logos.jpg?fit=646%2C227","width":646,"height":227,"caption":"Academia Estatal de Estudios Superiores en Seguridad"},"image":{"@id":"http:\/\/aeess.edu.mx\/#\/schema\/logo\/image\/"}}]}},"_links":{"self":[{"href":"http:\/\/aeess.edu.mx\/index.php?rest_route=\/wp\/v2\/pages\/430","targetHints":{"allow":["GET"]}}],"collection":[{"href":"http:\/\/aeess.edu.mx\/index.php?rest_route=\/wp\/v2\/pages"}],"about":[{"href":"http:\/\/aeess.edu.mx\/index.php?rest_route=\/wp\/v2\/types\/page"}],"author":[{"embeddable":true,"href":"http:\/\/aeess.edu.mx\/index.php?rest_route=\/wp\/v2\/users\/1"}],"replies":[{"embeddable":true,"href":"http:\/\/aeess.edu.mx\/index.php?rest_route=%2Fwp%2Fv2%2Fcomments&post=430"}],"version-history":[{"count":6,"href":"http:\/\/aeess.edu.mx\/index.php?rest_route=\/wp\/v2\/pages\/430\/revisions"}],"predecessor-version":[{"id":443,"href":"http:\/\/aeess.edu.mx\/index.php?rest_route=\/wp\/v2\/pages\/430\/revisions\/443"}],"wp:attachment":[{"href":"http:\/\/aeess.edu.mx\/index.php?rest_route=%2Fwp%2Fv2%2Fmedia&parent=430"}],"wp:term":[{"taxonomy":"folder","embeddable":true,"href":"http:\/\/aeess.edu.mx\/index.php?rest_route=%2Fwp%2Fv2%2Ffolder&post=430"}],"curies":[{"name":"wp","href":"https:\/\/api.w.org\/{rel}","templated":true}]}}