{"id":6,"date":"2021-08-27T18:06:36","date_gmt":"2021-08-27T18:06:36","guid":{"rendered":"http:\/\/aeess.edu.mx\/?page_id=6"},"modified":"2025-05-07T17:54:47","modified_gmt":"2025-05-07T17:54:47","slug":"http-www-aeess-edu-mx","status":"publish","type":"page","link":"http:\/\/aeess.edu.mx\/","title":{"rendered":"AEESS"},"content":{"rendered":"","protected":false},"excerpt":{"rendered":"","protected":false},"author":1,"featured_media":644,"parent":0,"menu_order":0,"comment_status":"closed","ping_status":"closed","template":"templates\/template-home.php","meta":{"ngg_post_thumbnail":0,"pgc_sgb_lightbox_settings":"","footnotes":""},"folder":[],"class_list":["post-6","page","type-page","status-publish","has-post-thumbnail","hentry","latest_post"],"yoast_head":"<!-- This site is optimized with the Yoast SEO plugin v27.5 - https:\/\/yoast.com\/product\/yoast-seo-wordpress\/ -->\n<title>AEESS - Academia Estatal de Estudios Superiores en Seguridad<\/title>\n<meta name=\"description\" content=\"Dentro de Alpuyeca Xochitepec Morelos se encuentra la Academia Estatal de Estudios Superiores en Seguridad, lugar en el cual formamos a la mejor polic\u00eda de M\u00e9xico, satisfaciendo las necesidades de seguridad, bienestar y desarrollo social que demanda la ciudadan\u00eda.\" \/>\n<meta name=\"robots\" content=\"index, follow, max-snippet:-1, max-image-preview:large, max-video-preview:-1\" \/>\n<link rel=\"canonical\" href=\"http:\/\/aeess.edu.mx\/\" \/>\n<meta property=\"og:locale\" content=\"es_MX\" \/>\n<meta property=\"og:type\" content=\"article\" \/>\n<meta property=\"og:title\" content=\"AEESS - Academia Estatal de Estudios Superiores en Seguridad\" \/>\n<meta property=\"og:description\" content=\"Dentro de Alpuyeca Xochitepec Morelos se encuentra la Academia Estatal de Estudios Superiores en Seguridad, lugar en el cual formamos a la mejor polic\u00eda de M\u00e9xico, satisfaciendo las necesidades de seguridad, bienestar y desarrollo social que demanda la ciudadan\u00eda.\" \/>\n<meta property=\"og:url\" content=\"http:\/\/aeess.edu.mx\/\" \/>\n<meta property=\"og:site_name\" content=\"Academia Estatal de Estudios Superiores en Seguridad\" \/>\n<meta property=\"article:modified_time\" content=\"2025-05-07T17:54:47+00:00\" \/>\n<meta property=\"og:image\" content=\"http:\/\/aeess.edu.mx\/wp-content\/uploads\/2022\/01\/imgBnr_7.jpg\" \/>\n\t<meta property=\"og:image:width\" content=\"1920\" \/>\n\t<meta property=\"og:image:height\" content=\"692\" \/>\n\t<meta property=\"og:image:type\" content=\"image\/jpeg\" \/>\n<meta name=\"twitter:card\" content=\"summary_large_image\" \/>\n<script type=\"application\/ld+json\" class=\"yoast-schema-graph\">{\"@context\":\"https:\\\/\\\/schema.org\",\"@graph\":[{\"@type\":\"WebPage\",\"@id\":\"http:\\\/\\\/aeess.edu.mx\\\/\",\"url\":\"http:\\\/\\\/aeess.edu.mx\\\/\",\"name\":\"AEESS - Academia Estatal de Estudios Superiores en Seguridad\",\"isPartOf\":{\"@id\":\"http:\\\/\\\/aeess.edu.mx\\\/#website\"},\"primaryImageOfPage\":{\"@id\":\"http:\\\/\\\/aeess.edu.mx\\\/#primaryimage\"},\"image\":{\"@id\":\"http:\\\/\\\/aeess.edu.mx\\\/#primaryimage\"},\"thumbnailUrl\":\"https:\\\/\\\/i0.wp.com\\\/aeess.edu.mx\\\/wp-content\\\/uploads\\\/2022\\\/01\\\/imgBnr_7.jpg?fit=1920%2C692\",\"datePublished\":\"2021-08-27T18:06:36+00:00\",\"dateModified\":\"2025-05-07T17:54:47+00:00\",\"description\":\"Dentro de Alpuyeca Xochitepec Morelos se encuentra la Academia Estatal de Estudios Superiores en Seguridad, lugar en el cual formamos a la mejor polic\u00eda de M\u00e9xico, satisfaciendo las necesidades de seguridad, bienestar y desarrollo social que demanda la ciudadan\u00eda.\",\"breadcrumb\":{\"@id\":\"http:\\\/\\\/aeess.edu.mx\\\/#breadcrumb\"},\"inLanguage\":\"es\",\"potentialAction\":[{\"@type\":\"ReadAction\",\"target\":[\"http:\\\/\\\/aeess.edu.mx\\\/\"]}]},{\"@type\":\"ImageObject\",\"inLanguage\":\"es\",\"@id\":\"http:\\\/\\\/aeess.edu.mx\\\/#primaryimage\",\"url\":\"https:\\\/\\\/i0.wp.com\\\/aeess.edu.mx\\\/wp-content\\\/uploads\\\/2022\\\/01\\\/imgBnr_7.jpg?fit=1920%2C692\",\"contentUrl\":\"https:\\\/\\\/i0.wp.com\\\/aeess.edu.mx\\\/wp-content\\\/uploads\\\/2022\\\/01\\\/imgBnr_7.jpg?fit=1920%2C692\",\"width\":1920,\"height\":692},{\"@type\":\"BreadcrumbList\",\"@id\":\"http:\\\/\\\/aeess.edu.mx\\\/#breadcrumb\",\"itemListElement\":[{\"@type\":\"ListItem\",\"position\":1,\"name\":\"Inicio\",\"item\":\"http:\\\/\\\/aeess.edu.mx\\\/\"},{\"@type\":\"ListItem\",\"position\":2,\"name\":\"AEESS\"}]},{\"@type\":\"WebSite\",\"@id\":\"http:\\\/\\\/aeess.edu.mx\\\/#website\",\"url\":\"http:\\\/\\\/aeess.edu.mx\\\/\",\"name\":\"Academia Estatal de Estudios Superiores en Seguridad\",\"description\":\"&quot;Formando a la Mejor Polic\u00eda de M\u00e9xico&quot;\",\"publisher\":{\"@id\":\"http:\\\/\\\/aeess.edu.mx\\\/#organization\"},\"potentialAction\":[{\"@type\":\"SearchAction\",\"target\":{\"@type\":\"EntryPoint\",\"urlTemplate\":\"http:\\\/\\\/aeess.edu.mx\\\/?s={search_term_string}\"},\"query-input\":{\"@type\":\"PropertyValueSpecification\",\"valueRequired\":true,\"valueName\":\"search_term_string\"}}],\"inLanguage\":\"es\"},{\"@type\":\"Organization\",\"@id\":\"http:\\\/\\\/aeess.edu.mx\\\/#organization\",\"name\":\"Academia Estatal de Estudios Superiores en Seguridad\",\"url\":\"http:\\\/\\\/aeess.edu.mx\\\/\",\"logo\":{\"@type\":\"ImageObject\",\"inLanguage\":\"es\",\"@id\":\"http:\\\/\\\/aeess.edu.mx\\\/#\\\/schema\\\/logo\\\/image\\\/\",\"url\":\"https:\\\/\\\/i0.wp.com\\\/aeess.edu.mx\\\/wp-content\\\/uploads\\\/2025\\\/04\\\/cropped-logos.jpg?fit=646%2C227\",\"contentUrl\":\"https:\\\/\\\/i0.wp.com\\\/aeess.edu.mx\\\/wp-content\\\/uploads\\\/2025\\\/04\\\/cropped-logos.jpg?fit=646%2C227\",\"width\":646,\"height\":227,\"caption\":\"Academia Estatal de Estudios Superiores en Seguridad\"},\"image\":{\"@id\":\"http:\\\/\\\/aeess.edu.mx\\\/#\\\/schema\\\/logo\\\/image\\\/\"}}]}<\/script>\n<!-- \/ Yoast SEO plugin. -->","yoast_head_json":{"title":"AEESS - Academia Estatal de Estudios Superiores en Seguridad","description":"Dentro de Alpuyeca Xochitepec Morelos se encuentra la Academia Estatal de Estudios Superiores en Seguridad, lugar en el cual formamos a la mejor polic\u00eda de M\u00e9xico, satisfaciendo las necesidades de seguridad, bienestar y desarrollo social que demanda la ciudadan\u00eda.","robots":{"index":"index","follow":"follow","max-snippet":"max-snippet:-1","max-image-preview":"max-image-preview:large","max-video-preview":"max-video-preview:-1"},"canonical":"http:\/\/aeess.edu.mx\/","og_locale":"es_MX","og_type":"article","og_title":"AEESS - Academia Estatal de Estudios Superiores en Seguridad","og_description":"Dentro de Alpuyeca Xochitepec Morelos se encuentra la Academia Estatal de Estudios Superiores en Seguridad, lugar en el cual formamos a la mejor polic\u00eda de M\u00e9xico, satisfaciendo las necesidades de seguridad, bienestar y desarrollo social que demanda la ciudadan\u00eda.","og_url":"http:\/\/aeess.edu.mx\/","og_site_name":"Academia Estatal de Estudios Superiores en Seguridad","article_modified_time":"2025-05-07T17:54:47+00:00","og_image":[{"width":1920,"height":692,"url":"http:\/\/aeess.edu.mx\/wp-content\/uploads\/2022\/01\/imgBnr_7.jpg","type":"image\/jpeg"}],"twitter_card":"summary_large_image","schema":{"@context":"https:\/\/schema.org","@graph":[{"@type":"WebPage","@id":"http:\/\/aeess.edu.mx\/","url":"http:\/\/aeess.edu.mx\/","name":"AEESS - Academia Estatal de Estudios Superiores en Seguridad","isPartOf":{"@id":"http:\/\/aeess.edu.mx\/#website"},"primaryImageOfPage":{"@id":"http:\/\/aeess.edu.mx\/#primaryimage"},"image":{"@id":"http:\/\/aeess.edu.mx\/#primaryimage"},"thumbnailUrl":"https:\/\/i0.wp.com\/aeess.edu.mx\/wp-content\/uploads\/2022\/01\/imgBnr_7.jpg?fit=1920%2C692","datePublished":"2021-08-27T18:06:36+00:00","dateModified":"2025-05-07T17:54:47+00:00","description":"Dentro de Alpuyeca Xochitepec Morelos se encuentra la Academia Estatal de Estudios Superiores en Seguridad, lugar en el cual formamos a la mejor polic\u00eda de M\u00e9xico, satisfaciendo las necesidades de seguridad, bienestar y desarrollo social que demanda la ciudadan\u00eda.","breadcrumb":{"@id":"http:\/\/aeess.edu.mx\/#breadcrumb"},"inLanguage":"es","potentialAction":[{"@type":"ReadAction","target":["http:\/\/aeess.edu.mx\/"]}]},{"@type":"ImageObject","inLanguage":"es","@id":"http:\/\/aeess.edu.mx\/#primaryimage","url":"https:\/\/i0.wp.com\/aeess.edu.mx\/wp-content\/uploads\/2022\/01\/imgBnr_7.jpg?fit=1920%2C692","contentUrl":"https:\/\/i0.wp.com\/aeess.edu.mx\/wp-content\/uploads\/2022\/01\/imgBnr_7.jpg?fit=1920%2C692","width":1920,"height":692},{"@type":"BreadcrumbList","@id":"http:\/\/aeess.edu.mx\/#breadcrumb","itemListElement":[{"@type":"ListItem","position":1,"name":"Inicio","item":"http:\/\/aeess.edu.mx\/"},{"@type":"ListItem","position":2,"name":"AEESS"}]},{"@type":"WebSite","@id":"http:\/\/aeess.edu.mx\/#website","url":"http:\/\/aeess.edu.mx\/","name":"Academia Estatal de Estudios Superiores en Seguridad","description":"&quot;Formando a la Mejor Polic\u00eda de M\u00e9xico&quot;","publisher":{"@id":"http:\/\/aeess.edu.mx\/#organization"},"potentialAction":[{"@type":"SearchAction","target":{"@type":"EntryPoint","urlTemplate":"http:\/\/aeess.edu.mx\/?s={search_term_string}"},"query-input":{"@type":"PropertyValueSpecification","valueRequired":true,"valueName":"search_term_string"}}],"inLanguage":"es"},{"@type":"Organization","@id":"http:\/\/aeess.edu.mx\/#organization","name":"Academia Estatal de Estudios Superiores en Seguridad","url":"http:\/\/aeess.edu.mx\/","logo":{"@type":"ImageObject","inLanguage":"es","@id":"http:\/\/aeess.edu.mx\/#\/schema\/logo\/image\/","url":"https:\/\/i0.wp.com\/aeess.edu.mx\/wp-content\/uploads\/2025\/04\/cropped-logos.jpg?fit=646%2C227","contentUrl":"https:\/\/i0.wp.com\/aeess.edu.mx\/wp-content\/uploads\/2025\/04\/cropped-logos.jpg?fit=646%2C227","width":646,"height":227,"caption":"Academia Estatal de Estudios Superiores en Seguridad"},"image":{"@id":"http:\/\/aeess.edu.mx\/#\/schema\/logo\/image\/"}}]}},"_links":{"self":[{"href":"http:\/\/aeess.edu.mx\/index.php?rest_route=\/wp\/v2\/pages\/6","targetHints":{"allow":["GET"]}}],"collection":[{"href":"http:\/\/aeess.edu.mx\/index.php?rest_route=\/wp\/v2\/pages"}],"about":[{"href":"http:\/\/aeess.edu.mx\/index.php?rest_route=\/wp\/v2\/types\/page"}],"author":[{"embeddable":true,"href":"http:\/\/aeess.edu.mx\/index.php?rest_route=\/wp\/v2\/users\/1"}],"replies":[{"embeddable":true,"href":"http:\/\/aeess.edu.mx\/index.php?rest_route=%2Fwp%2Fv2%2Fcomments&post=6"}],"version-history":[{"count":5,"href":"http:\/\/aeess.edu.mx\/index.php?rest_route=\/wp\/v2\/pages\/6\/revisions"}],"predecessor-version":[{"id":802,"href":"http:\/\/aeess.edu.mx\/index.php?rest_route=\/wp\/v2\/pages\/6\/revisions\/802"}],"wp:featuredmedia":[{"embeddable":true,"href":"http:\/\/aeess.edu.mx\/index.php?rest_route=\/wp\/v2\/media\/644"}],"wp:attachment":[{"href":"http:\/\/aeess.edu.mx\/index.php?rest_route=%2Fwp%2Fv2%2Fmedia&parent=6"}],"wp:term":[{"taxonomy":"folder","embeddable":true,"href":"http:\/\/aeess.edu.mx\/index.php?rest_route=%2Fwp%2Fv2%2Ffolder&post=6"}],"curies":[{"name":"wp","href":"https:\/\/api.w.org\/{rel}","templated":true}]}}