{"id":604,"date":"2021-11-11T15:31:07","date_gmt":"2021-11-11T15:31:07","guid":{"rendered":"http:\/\/aeess.edu.mx\/?page_id=604"},"modified":"2021-11-11T15:31:39","modified_gmt":"2021-11-11T15:31:39","slug":"preguntas-frecuentes","status":"publish","type":"page","link":"http:\/\/aeess.edu.mx\/?page_id=604","title":{"rendered":"Preguntas Frecuentes"},"content":{"rendered":"<style>#sp-ea-603 .spcollapsing { height: 0; overflow: hidden; transition-property: height;transition-duration: 300ms;}#sp-ea-603.sp-easy-accordion>.sp-ea-single {margin-bottom: 10px; border: 1px solid #e2e2e2; }#sp-ea-603.sp-easy-accordion>.sp-ea-single>.ea-header a {color: #444;}#sp-ea-603.sp-easy-accordion>.sp-ea-single>.sp-collapse>.ea-body {background: #fff; color: #444;}#sp-ea-603.sp-easy-accordion>.sp-ea-single {background: #eee;}#sp-ea-603.sp-easy-accordion>.sp-ea-single>.ea-header a .ea-expand-icon { float: left; color: #444;font-size: 13px;}<\/style><div id=\"sp_easy_accordion-1777624345\"><div id=\"sp-ea-603\" class=\"sp-ea-one sp-easy-accordion\" data-ea-active=\"ea-click\" data-ea-mode=\"vertical\" data-preloader=\"\" data-scroll-active-item=\"\" data-offset-to-scroll=\"0\"><div class=\"ea-card sp-ea-single\"><h3 class=\"ea-header\"><a class=\"collapsed\" id=\"ea-header-6030\" role=\"button\" data-sptoggle=\"spcollapse\" data-sptarget=\"#collapse6030\" aria-controls=\"collapse6030\" href=\"#\" aria-expanded=\"false\" tabindex=\"0\"><i aria-hidden=\"true\" role=\"presentation\" class=\"ea-expand-icon eap-icon-ea-expand-plus\"><\/i> \u00bfCu\u00e1les son los requisitos?<\/a><\/h3><div class=\"sp-collapse spcollapse spcollapse\" id=\"collapse6030\" data-parent=\"#sp-ea-603\" role=\"region\" aria-labelledby=\"ea-header-6030\"> <div class=\"ea-body\"><p><em><strong>REQUISITOS<\/strong><\/em><\/p><p style=\"padding-left: 40px\"><strong>ESTUDIOS M\u00cdNIMOS:<\/strong> Bachillerato o Preparatoria (Polic\u00eda)<br \/><strong>EDAD REQUERIDA:<\/strong> 18 a 35 A\u00f1os (Polic\u00eda)<br \/><strong>ESTATURA M\u00cdNIMA:<\/strong> 1.58 m. Hombres, 1.50 m. Mujeres<\/p><ol><li style=\"list-style-type: none\"><ol><li style=\"list-style-type: none\"><ol><li style=\"text-align: justify\">Ser ciudadano mexicano por nacimiento en pleno ejercicio de sus derechos pol\u00edticos y civiles;<\/li><li style=\"text-align: justify\">Someterse a ex\u00e1menes para comprobar la ausencia de alcoholismo o el no uso de sustancias psicotr\u00f3picas estupefacientes u otras que produzcan efectos similares;<\/li><li style=\"text-align: justify\">Ser de notoria buena conducta, no haber sido condenado por sentencia irrevocable por delito doloso y\/o por delito cometido con el empleo de armas, ni estar sujeto a proceso penal;<\/li><li style=\"text-align: justify\">Tener acreditado el Servicio Militar Nacional (hombres) o Precartilla;<\/li><li style=\"text-align: justify\">Acreditar que ha concluido la ense\u00f1anza media superior o equivalente (preparatoria o bachillerato);<\/li><li style=\"text-align: justify\">Aprobar el concurso de ingreso y los cursos de formaci\u00f3n;<\/li><li style=\"text-align: justify\">Contar con los requisitos de edad y el perfil f\u00edsico, m\u00e9dico y de personalidad que exijan las disposiciones aplicables;<\/li><li style=\"text-align: justify\">Presentar y aprobar las evaluaciones de certificaci\u00f3n y control de confianza;<\/li><li style=\"text-align: justify\">Abstenerse de consumir sustancias psicotr\u00f3picas, estupefacientes u otras que produzcan efectos similares;<\/li><li style=\"text-align: justify\">No padecer alcoholismo;<\/li><li style=\"text-align: justify\">No estar suspendido o inhabilitado, ni haber sido destituido por resoluci\u00f3n firme como servidor p\u00fablico;<\/li><li style=\"text-align: justify\">No contar con tatuajes en cuello, manos y rostro (salvo el caso de delineado permanente en cejas, ojos y boca), perforaciones (en caso de tenerlas, sin accesorios), ni expansiones;<\/li><li style=\"text-align: justify\">Que el estado de salud, le permita participar en actividades que demandan esfuerzo f\u00edsico, sin que ello ponga en riesgo su integridad o salud;<\/li><li style=\"text-align: justify\">En caso de haber pertenecido a las fuerzas armadas o alguna instituci\u00f3n de Seguridad P\u00fablica, presentar su licencia ilimitada o documento de baja;<\/li><li style=\"text-align: justify\">Firmar consentimiento y\/o compromiso para someterse al proceso de reclutamiento, selecci\u00f3n, evaluaci\u00f3n de control de confianza por filtros y formaci\u00f3n inicial, as\u00ed como sujetarse a las normas y disposiciones que en materia de disciplina emita la Instituci\u00f3n;<\/li><li style=\"text-align: justify\">Cumplir con los deberes establecidos en la Ley General del Sistema Nacional de Seguridad P\u00fablica, y dem\u00e1s disposiciones que deriven de la misma; y,<\/li><li style=\"text-align: justify\">Los dem\u00e1s que establezcan otras disposiciones legales aplicables.<\/li><\/ol><\/li><\/ol><\/li><\/ol><\/div><\/div><\/div><div class=\"ea-card sp-ea-single\"><h3 class=\"ea-header\"><a class=\"collapsed\" id=\"ea-header-6031\" role=\"button\" data-sptoggle=\"spcollapse\" data-sptarget=\"#collapse6031\" aria-controls=\"collapse6031\" href=\"#\" aria-expanded=\"false\" tabindex=\"0\"><i aria-hidden=\"true\" role=\"presentation\" class=\"ea-expand-icon eap-icon-ea-expand-plus\"><\/i> \u00bfPuedo hacer mi tr\u00e1mite con precartilla?<\/a><\/h3><div class=\"sp-collapse spcollapse spcollapse\" id=\"collapse6031\" data-parent=\"#sp-ea-603\" role=\"region\" aria-labelledby=\"ea-header-6031\"> <div class=\"ea-body\"><p style=\"padding-left: 40px\">No<\/p><\/div><\/div><\/div><div class=\"ea-card sp-ea-single\"><h3 class=\"ea-header\"><a class=\"collapsed\" id=\"ea-header-6032\" role=\"button\" data-sptoggle=\"spcollapse\" data-sptarget=\"#collapse6032\" aria-controls=\"collapse6032\" href=\"#\" aria-expanded=\"false\" tabindex=\"0\"><i aria-hidden=\"true\" role=\"presentation\" class=\"ea-expand-icon eap-icon-ea-expand-plus\"><\/i> \u00bfCu\u00e1l es el horario de atenci\u00f3n?<\/a><\/h3><div class=\"sp-collapse spcollapse spcollapse\" id=\"collapse6032\" data-parent=\"#sp-ea-603\" role=\"region\" aria-labelledby=\"ea-header-6032\"> <div class=\"ea-body\"><p style=\"padding-left: 40px\">De 09:00 a 17:00 horas<\/p><\/div><\/div><\/div><div class=\"ea-card sp-ea-single\"><h3 class=\"ea-header\"><a class=\"collapsed\" id=\"ea-header-6033\" role=\"button\" data-sptoggle=\"spcollapse\" data-sptarget=\"#collapse6033\" aria-controls=\"collapse6033\" href=\"#\" aria-expanded=\"false\" tabindex=\"0\"><i aria-hidden=\"true\" role=\"presentation\" class=\"ea-expand-icon eap-icon-ea-expand-plus\"><\/i> \u00bfQu\u00e9 documentaci\u00f3n entrego?<\/a><\/h3><div class=\"sp-collapse spcollapse spcollapse\" id=\"collapse6033\" data-parent=\"#sp-ea-603\" role=\"region\" aria-labelledby=\"ea-header-6033\"> <div class=\"ea-body\"><p style=\"padding-left: 40px\">Los aspirantes deber\u00e1n presentar original y copia simple de la siguiente documentaci\u00f3n:<\/p><ol><li style=\"list-style-type: none\"><ol><li style=\"list-style-type: none\"><ol><li>C\u00e9dula del Registro Federal de Contribuyente (RFC) expedida por el SAT;<\/li><li>Acta de nacimiento;<\/li><li>Acta de nacimiento de dependientes econ\u00f3micos;<\/li><li>En su caso acta de matrimonio y\/o Sentencia de Divorcio;<\/li><li>Identificaci\u00f3n Oficial vigente con fotograf\u00eda (Credencial para votar, pasaporte);<\/li><li>Clave \u00danica de Registro de Poblaci\u00f3n (CURP);<\/li><li>Precartilla o Cartilla del Servicio Militar Nacional con hoja de liberaci\u00f3n (hombres);<\/li><li>Certificado de estudios de bachillerato o preparatoria (por ambos lados);<\/li><li>Curriculum Vitae, actualizado, con fotograf\u00eda reciente y firma aut\u00f3grafa (no solicitud de empleo);*<\/li><li>Comprobante de Domicilio actual (predial, agua, luz, recibo telef\u00f3nico), expedido con una antig\u00fcedad no mayor a 60 d\u00edas;<\/li><li>En caso de haber pertenecido a alguna Instituci\u00f3n Policial, fuerza armada o empresas de seguridad privada, presentar las bajas o certificado de servicios correspondientes, seg\u00fan sea el caso, teniendo que ser de car\u00e1cter voluntario;<\/li><li>Dos Cartas de Recomendaci\u00f3n;*<\/li><li>Seis Fotograf\u00edas Tama\u00f1o Infantil de frente y con las caracter\u00edsticas siguientes;*<\/li><\/ol><\/li><\/ol><\/li><\/ol><p style=\"padding-left: 160px\">a) Hombres, sin lentes, barba, bigote ni patillas, cabello corto y orejas descubiertas; y,<br \/>b) Mujeres, sin lentes ni maquillaje, con orejas descubiertas y cabello recogido.<\/p><ol><li style=\"list-style-type: none\"><ol><li style=\"list-style-type: none\"><ol start=\"14\"><li>Carta de Exposici\u00f3n de Motivos para el ingreso al Servicio Estatal; *<\/li><li>Autorizaci\u00f3n por escrito para verificar la informaci\u00f3n proporcionada, as\u00ed como la solicitud de protecci\u00f3n de datos personales dentro del presente procedimiento de ingreso;<\/li><li>Constancia de residencia expedida por la Autoridad competente con fecha de emisi\u00f3n no mayor a un mes;<\/li><li>Estados de cuenta del \u00faltimo mes (n\u00f3mina, ahorro, cr\u00e9dito);*<\/li><li>Comprobante de Ingresos del \u00faltimo mes, o en su caso escrito libre signado bajo protesta de decir verdad, en el que se indique cual fue su \u00faltima fuente laboral, el tipo de trabajo desempe\u00f1ado y su ingreso total mensual;<\/li><li>En caso de tener veh\u00edculo, presentar factura o carta factura para acreditar la propiedad;<\/li><li>En caso de tener bienes Inmuebles, presentar escritura o derecho de posesi\u00f3n para acreditar la propiedad;<\/li><li>Tres referencias personales, tres vecinales, tres laborales de compa\u00f1eros de trabajo y tres de jefes inmediatos (\u00fanicamente nombre, domicilio completo y n\u00famero telef\u00f3nico);*<\/li><li>Dos folders tama\u00f1o carta, color beige;<\/li><\/ol><\/li><\/ol><\/li><\/ol><p style=\"padding-left: 80px\">En caso de aprobar el primer filtro de reclutamiento, ser\u00e1n solicitados adicionalmente los siguientes documentos:<\/p><ol><li style=\"list-style-type: none\"><ol><li style=\"list-style-type: none\"><ol start=\"23\"><li>Reporte de Bur\u00f3 de Cr\u00e9dito y C\u00edrculo de Cr\u00e9dito CONDUSEF;*<\/li><li>Constancia de No Antecedentes Penales con vigencia de un mes, expedida por la autoridad competente;*<\/li><li>Constancia de No Inhabilitaci\u00f3n;*<\/li><li>Certificado M\u00e9dico que incluya talla, peso, IMC, tipo de sangre, presencia de tatuajes o perforaciones as\u00ed como cualquier alteraci\u00f3n visual, auditiva o motriz;**<\/li><\/ol><\/li><\/ol><\/li><\/ol><p style=\"padding-left: 160px\">Los se\u00f1alados con (*) el original se quedar\u00e1 integrado en el expediente de reclutamiento.<\/p><p style=\"padding-left: 160px\">El se\u00f1alado con (**) Seguir\u00e1 los pasos del procedimiento que se llevar\u00e1 a cabo.<\/p><p style=\"padding-left: 160px\">Los solicitantes deber\u00e1n presentarse con la documentaci\u00f3n completa y el n\u00famero de copias requeridas, en la direcci\u00f3n mencionada en el punto anterior.<\/p><\/div><\/div><\/div><div class=\"ea-card sp-ea-single\"><h3 class=\"ea-header\"><a class=\"collapsed\" id=\"ea-header-6034\" role=\"button\" data-sptoggle=\"spcollapse\" data-sptarget=\"#collapse6034\" aria-controls=\"collapse6034\" href=\"#\" aria-expanded=\"false\" tabindex=\"0\"><i aria-hidden=\"true\" role=\"presentation\" class=\"ea-expand-icon eap-icon-ea-expand-plus\"><\/i> \u00bfD\u00f3nde entrego mi documentaci\u00f3n?<\/a><\/h3><div class=\"sp-collapse spcollapse spcollapse\" id=\"collapse6034\" data-parent=\"#sp-ea-603\" role=\"region\" aria-labelledby=\"ea-header-6034\"> <div class=\"ea-body\"><p style=\"padding-left: 40px\">Los aspirantes a participar en el reclutamiento para cadete, deber\u00e1n presentarse para solicitar su registro y entregar su documentaci\u00f3n en la Academia Estatal de Estudios Superiores en Seguridad (AEESS), con domicilio en Km 00.4+500 Carretera Federal Grutas-Alpuyeca, Colonia Cuaxcomac, Xochitepec, Morelos, C.P. 62790, de lunes a viernes de 09:00 a 17:00 horas.<\/p><\/div><\/div><\/div><div class=\"ea-card sp-ea-single\"><h3 class=\"ea-header\"><a class=\"collapsed\" id=\"ea-header-6035\" role=\"button\" data-sptoggle=\"spcollapse\" data-sptarget=\"#collapse6035\" aria-controls=\"collapse6035\" href=\"#\" aria-expanded=\"false\" tabindex=\"0\"><i aria-hidden=\"true\" role=\"presentation\" class=\"ea-expand-icon eap-icon-ea-expand-plus\"><\/i> \u00bfQu\u00e9 significa IMC?<\/a><\/h3><div class=\"sp-collapse spcollapse spcollapse\" id=\"collapse6035\" data-parent=\"#sp-ea-603\" role=\"region\" aria-labelledby=\"ea-header-6035\"> <div class=\"ea-body\"><p style=\"padding-left: 40px\">IMC = \u00cdndice de Masa Corporal.<\/p><\/div><\/div><\/div><div class=\"ea-card sp-ea-single\"><h3 class=\"ea-header\"><a class=\"collapsed\" id=\"ea-header-6036\" role=\"button\" data-sptoggle=\"spcollapse\" data-sptarget=\"#collapse6036\" aria-controls=\"collapse6036\" href=\"#\" aria-expanded=\"false\" tabindex=\"0\"><i aria-hidden=\"true\" role=\"presentation\" class=\"ea-expand-icon eap-icon-ea-expand-plus\"><\/i> \u00bfD\u00f3nde tramito mi constancia de residencia?<\/a><\/h3><div class=\"sp-collapse spcollapse spcollapse\" id=\"collapse6036\" data-parent=\"#sp-ea-603\" role=\"region\" aria-labelledby=\"ea-header-6036\"> <div class=\"ea-body\"><p style=\"padding-left: 40px\">Esta la puedes tramitar en la ayudant\u00eda de tu municipio, si gustas una vez que hayas iniciado tu tr\u00e1mite.<\/p><\/div><\/div><\/div><div class=\"ea-card sp-ea-single\"><h3 class=\"ea-header\"><a class=\"collapsed\" id=\"ea-header-6037\" role=\"button\" data-sptoggle=\"spcollapse\" data-sptarget=\"#collapse6037\" aria-controls=\"collapse6037\" href=\"#\" aria-expanded=\"false\" tabindex=\"0\"><i aria-hidden=\"true\" role=\"presentation\" class=\"ea-expand-icon eap-icon-ea-expand-plus\"><\/i> \u00bfSi soy menor de edad (17 a\u00f1os o menos) me puedo postular?<\/a><\/h3><div class=\"sp-collapse spcollapse spcollapse\" id=\"collapse6037\" data-parent=\"#sp-ea-603\" role=\"region\" aria-labelledby=\"ea-header-6037\"> <div class=\"ea-body\"><p style=\"padding-left: 40px\">No, lo ideal es que hagas tu proceso de admisi\u00f3n teniendo 18 a\u00f1os.<\/p><\/div><\/div><\/div><div class=\"ea-card sp-ea-single\"><h3 class=\"ea-header\"><a class=\"collapsed\" id=\"ea-header-6038\" role=\"button\" data-sptoggle=\"spcollapse\" data-sptarget=\"#collapse6038\" aria-controls=\"collapse6038\" href=\"#\" aria-expanded=\"false\" tabindex=\"0\"><i aria-hidden=\"true\" role=\"presentation\" class=\"ea-expand-icon eap-icon-ea-expand-plus\"><\/i> \u00bfPercibo alguna beca o ayuda econ\u00f3mica mientras estoy como cadete?<\/a><\/h3><div class=\"sp-collapse spcollapse spcollapse\" id=\"collapse6038\" data-parent=\"#sp-ea-603\" role=\"region\" aria-labelledby=\"ea-header-6038\"> <div class=\"ea-body\"><p style=\"padding-left: 40px\">Si, de $7,500.00 mensuales.<\/p><\/div><\/div><\/div><div class=\"ea-card sp-ea-single\"><h3 class=\"ea-header\"><a class=\"collapsed\" id=\"ea-header-6039\" role=\"button\" data-sptoggle=\"spcollapse\" data-sptarget=\"#collapse6039\" aria-controls=\"collapse6039\" href=\"#\" aria-expanded=\"false\" tabindex=\"0\"><i aria-hidden=\"true\" role=\"presentation\" class=\"ea-expand-icon eap-icon-ea-expand-plus\"><\/i> \u00bfC\u00f3mo elaboro la autorizaci\u00f3n por escrito para verificar informaci\u00f3n proporcionada?<\/a><\/h3><div class=\"sp-collapse spcollapse spcollapse\" id=\"collapse6039\" data-parent=\"#sp-ea-603\" role=\"region\" aria-labelledby=\"ea-header-6039\"> <div class=\"ea-body\"><p style=\"padding-left: 40px\">El formato lo encontrar\u00e1s al final de la secci\u00f3n de preguntas frecuente dando clic en el enlace para descargarlo en formato PDF.<\/p><p style=\"padding-left: 40px\">O lo podr\u00e1s llenar directamente en la academia.<\/p><\/div><\/div><\/div><div class=\"ea-card sp-ea-single\"><h3 class=\"ea-header\"><a class=\"collapsed\" id=\"ea-header-60310\" role=\"button\" data-sptoggle=\"spcollapse\" data-sptarget=\"#collapse60310\" aria-controls=\"collapse60310\" href=\"#\" aria-expanded=\"false\" tabindex=\"0\"><i aria-hidden=\"true\" role=\"presentation\" class=\"ea-expand-icon eap-icon-ea-expand-plus\"><\/i> \u00bfD\u00f3nde realizo el tramite de la Carta de no Inhabilitacion?<\/a><\/h3><div class=\"sp-collapse spcollapse spcollapse\" id=\"collapse60310\" data-parent=\"#sp-ea-603\" role=\"region\" aria-labelledby=\"ea-header-60310\"> <div class=\"ea-body\"><p>En linea: https:\/\/www.hacienda.morelos.gob.mx\/index.php (link generado recibo)<br \/>En cuanto realice el pago debe de validar en la siguiente liga<br \/>https:\/\/www.hacienda.morelos.gob.mx\/index.php\/tramites-y-servicios-en-linea\/oficio-de-habilitacion<br \/>INGRESANDO:<br \/>Dependencia. Comision Estatal de Seguridad Publica<br \/>Tipo de Dependencia: Secretaria o Dependencia<br \/>Nivel de Gobierno: Estatal<br \/>Tipo de Poder: Ejecutivo<\/p><\/div><\/div><\/div><div class=\"ea-card sp-ea-single\"><h3 class=\"ea-header\"><a class=\"collapsed\" id=\"ea-header-60311\" role=\"button\" data-sptoggle=\"spcollapse\" data-sptarget=\"#collapse60311\" aria-controls=\"collapse60311\" href=\"#\" aria-expanded=\"false\" tabindex=\"0\"><i aria-hidden=\"true\" role=\"presentation\" class=\"ea-expand-icon eap-icon-ea-expand-plus\"><\/i> \u00bfD\u00f3nde realizo el tramite de circulo de cr\u00e9dito?<\/a><\/h3><div class=\"sp-collapse spcollapse spcollapse\" id=\"collapse60311\" data-parent=\"#sp-ea-603\" role=\"region\" aria-labelledby=\"ea-header-60311\"> <div class=\"ea-body\"><p>https:\/\/www.circulodecredito.com.mx\/solicitud\/persona-fisica<br \/>whatsapp 55 1320 1989 en el cual podr\u00e1 dar seguimiento del tramite, solo necesita preguntar el estatus de su tramite anexando el numero de solicitud<\/p><\/div><\/div><\/div><div class=\"ea-card sp-ea-single\"><h3 class=\"ea-header\"><a class=\"collapsed\" id=\"ea-header-60312\" role=\"button\" data-sptoggle=\"spcollapse\" data-sptarget=\"#collapse60312\" aria-controls=\"collapse60312\" href=\"#\" aria-expanded=\"false\" tabindex=\"0\"><i aria-hidden=\"true\" role=\"presentation\" class=\"ea-expand-icon eap-icon-ea-expand-plus\"><\/i> \u00bfD\u00f3nde realizo el tramite de buro de cr\u00e9dito?<\/a><\/h3><div class=\"sp-collapse spcollapse spcollapse\" id=\"collapse60312\" data-parent=\"#sp-ea-603\" role=\"region\" aria-labelledby=\"ea-header-60312\"> <div class=\"ea-body\"><p>https:\/\/wbc3.burodecredito.com.mx:9543\/RceOline\/autorizacion.faces<br \/>(debe de tener a la mano una tarjeta de cr\u00e9dito, debito o nomina de no ser as\u00ed debe de conseguirla o marcar al 55 5449 4954 para mayor asesoramiento)<\/p><\/div><\/div><\/div><\/div><\/div>\n","protected":false},"excerpt":{"rendered":"","protected":false},"author":1,"featured_media":0,"parent":0,"menu_order":0,"comment_status":"closed","ping_status":"closed","template":"","meta":{"ngg_post_thumbnail":0,"pgc_sgb_lightbox_settings":"","footnotes":""},"folder":[],"class_list":["post-604","page","type-page","status-publish","hentry","latest_post"],"yoast_head":"<!-- This site is optimized with the Yoast SEO plugin v27.5 - https:\/\/yoast.com\/product\/yoast-seo-wordpress\/ -->\n<title>Preguntas Frecuentes - Academia Estatal de Estudios Superiores en Seguridad<\/title>\n<meta name=\"robots\" content=\"index, follow, max-snippet:-1, max-image-preview:large, max-video-preview:-1\" \/>\n<link rel=\"canonical\" href=\"http:\/\/aeess.edu.mx\/?page_id=604\" \/>\n<meta property=\"og:locale\" content=\"es_MX\" \/>\n<meta property=\"og:type\" content=\"article\" \/>\n<meta property=\"og:title\" content=\"Preguntas Frecuentes - Academia Estatal de Estudios Superiores en Seguridad\" \/>\n<meta property=\"og:url\" content=\"http:\/\/aeess.edu.mx\/?page_id=604\" \/>\n<meta property=\"og:site_name\" content=\"Academia Estatal de Estudios Superiores en Seguridad\" \/>\n<meta property=\"article:modified_time\" content=\"2021-11-11T15:31:39+00:00\" \/>\n<meta property=\"og:image\" content=\"https:\/\/i0.wp.com\/aeess.edu.mx\/wp-content\/uploads\/2022\/01\/imgBnr_8.jpg?fit=1920%2C692\" \/>\n\t<meta property=\"og:image:width\" content=\"1920\" \/>\n\t<meta property=\"og:image:height\" content=\"692\" \/>\n\t<meta property=\"og:image:type\" content=\"image\/jpeg\" \/>\n<meta name=\"twitter:card\" content=\"summary_large_image\" \/>\n<script type=\"application\/ld+json\" class=\"yoast-schema-graph\">{\"@context\":\"https:\\\/\\\/schema.org\",\"@graph\":[{\"@type\":\"WebPage\",\"@id\":\"http:\\\/\\\/aeess.edu.mx\\\/?page_id=604\",\"url\":\"http:\\\/\\\/aeess.edu.mx\\\/?page_id=604\",\"name\":\"Preguntas Frecuentes - Academia Estatal de Estudios Superiores en Seguridad\",\"isPartOf\":{\"@id\":\"http:\\\/\\\/aeess.edu.mx\\\/#website\"},\"datePublished\":\"2021-11-11T15:31:07+00:00\",\"dateModified\":\"2021-11-11T15:31:39+00:00\",\"breadcrumb\":{\"@id\":\"http:\\\/\\\/aeess.edu.mx\\\/?page_id=604#breadcrumb\"},\"inLanguage\":\"es\",\"potentialAction\":[{\"@type\":\"ReadAction\",\"target\":[\"http:\\\/\\\/aeess.edu.mx\\\/?page_id=604\"]}]},{\"@type\":\"BreadcrumbList\",\"@id\":\"http:\\\/\\\/aeess.edu.mx\\\/?page_id=604#breadcrumb\",\"itemListElement\":[{\"@type\":\"ListItem\",\"position\":1,\"name\":\"Inicio\",\"item\":\"http:\\\/\\\/aeess.edu.mx\\\/\"},{\"@type\":\"ListItem\",\"position\":2,\"name\":\"Preguntas Frecuentes\"}]},{\"@type\":\"WebSite\",\"@id\":\"http:\\\/\\\/aeess.edu.mx\\\/#website\",\"url\":\"http:\\\/\\\/aeess.edu.mx\\\/\",\"name\":\"Academia Estatal de Estudios Superiores en Seguridad\",\"description\":\"&quot;Formando a la Mejor Polic\u00eda de M\u00e9xico&quot;\",\"publisher\":{\"@id\":\"http:\\\/\\\/aeess.edu.mx\\\/#organization\"},\"potentialAction\":[{\"@type\":\"SearchAction\",\"target\":{\"@type\":\"EntryPoint\",\"urlTemplate\":\"http:\\\/\\\/aeess.edu.mx\\\/?s={search_term_string}\"},\"query-input\":{\"@type\":\"PropertyValueSpecification\",\"valueRequired\":true,\"valueName\":\"search_term_string\"}}],\"inLanguage\":\"es\"},{\"@type\":\"Organization\",\"@id\":\"http:\\\/\\\/aeess.edu.mx\\\/#organization\",\"name\":\"Academia Estatal de Estudios Superiores en Seguridad\",\"url\":\"http:\\\/\\\/aeess.edu.mx\\\/\",\"logo\":{\"@type\":\"ImageObject\",\"inLanguage\":\"es\",\"@id\":\"http:\\\/\\\/aeess.edu.mx\\\/#\\\/schema\\\/logo\\\/image\\\/\",\"url\":\"https:\\\/\\\/i0.wp.com\\\/aeess.edu.mx\\\/wp-content\\\/uploads\\\/2025\\\/04\\\/cropped-logos.jpg?fit=646%2C227\",\"contentUrl\":\"https:\\\/\\\/i0.wp.com\\\/aeess.edu.mx\\\/wp-content\\\/uploads\\\/2025\\\/04\\\/cropped-logos.jpg?fit=646%2C227\",\"width\":646,\"height\":227,\"caption\":\"Academia Estatal de Estudios Superiores en Seguridad\"},\"image\":{\"@id\":\"http:\\\/\\\/aeess.edu.mx\\\/#\\\/schema\\\/logo\\\/image\\\/\"}}]}<\/script>\n<!-- \/ Yoast SEO plugin. -->","yoast_head_json":{"title":"Preguntas Frecuentes - Academia Estatal de Estudios Superiores en Seguridad","robots":{"index":"index","follow":"follow","max-snippet":"max-snippet:-1","max-image-preview":"max-image-preview:large","max-video-preview":"max-video-preview:-1"},"canonical":"http:\/\/aeess.edu.mx\/?page_id=604","og_locale":"es_MX","og_type":"article","og_title":"Preguntas Frecuentes - Academia Estatal de Estudios Superiores en Seguridad","og_url":"http:\/\/aeess.edu.mx\/?page_id=604","og_site_name":"Academia Estatal de Estudios Superiores en Seguridad","article_modified_time":"2021-11-11T15:31:39+00:00","og_image":[{"width":1920,"height":692,"url":"https:\/\/i0.wp.com\/aeess.edu.mx\/wp-content\/uploads\/2022\/01\/imgBnr_8.jpg?fit=1920%2C692","type":"image\/jpeg"}],"twitter_card":"summary_large_image","schema":{"@context":"https:\/\/schema.org","@graph":[{"@type":"WebPage","@id":"http:\/\/aeess.edu.mx\/?page_id=604","url":"http:\/\/aeess.edu.mx\/?page_id=604","name":"Preguntas Frecuentes - Academia Estatal de Estudios Superiores en Seguridad","isPartOf":{"@id":"http:\/\/aeess.edu.mx\/#website"},"datePublished":"2021-11-11T15:31:07+00:00","dateModified":"2021-11-11T15:31:39+00:00","breadcrumb":{"@id":"http:\/\/aeess.edu.mx\/?page_id=604#breadcrumb"},"inLanguage":"es","potentialAction":[{"@type":"ReadAction","target":["http:\/\/aeess.edu.mx\/?page_id=604"]}]},{"@type":"BreadcrumbList","@id":"http:\/\/aeess.edu.mx\/?page_id=604#breadcrumb","itemListElement":[{"@type":"ListItem","position":1,"name":"Inicio","item":"http:\/\/aeess.edu.mx\/"},{"@type":"ListItem","position":2,"name":"Preguntas Frecuentes"}]},{"@type":"WebSite","@id":"http:\/\/aeess.edu.mx\/#website","url":"http:\/\/aeess.edu.mx\/","name":"Academia Estatal de Estudios Superiores en Seguridad","description":"&quot;Formando a la Mejor Polic\u00eda de M\u00e9xico&quot;","publisher":{"@id":"http:\/\/aeess.edu.mx\/#organization"},"potentialAction":[{"@type":"SearchAction","target":{"@type":"EntryPoint","urlTemplate":"http:\/\/aeess.edu.mx\/?s={search_term_string}"},"query-input":{"@type":"PropertyValueSpecification","valueRequired":true,"valueName":"search_term_string"}}],"inLanguage":"es"},{"@type":"Organization","@id":"http:\/\/aeess.edu.mx\/#organization","name":"Academia Estatal de Estudios Superiores en Seguridad","url":"http:\/\/aeess.edu.mx\/","logo":{"@type":"ImageObject","inLanguage":"es","@id":"http:\/\/aeess.edu.mx\/#\/schema\/logo\/image\/","url":"https:\/\/i0.wp.com\/aeess.edu.mx\/wp-content\/uploads\/2025\/04\/cropped-logos.jpg?fit=646%2C227","contentUrl":"https:\/\/i0.wp.com\/aeess.edu.mx\/wp-content\/uploads\/2025\/04\/cropped-logos.jpg?fit=646%2C227","width":646,"height":227,"caption":"Academia Estatal de Estudios Superiores en Seguridad"},"image":{"@id":"http:\/\/aeess.edu.mx\/#\/schema\/logo\/image\/"}}]}},"_links":{"self":[{"href":"http:\/\/aeess.edu.mx\/index.php?rest_route=\/wp\/v2\/pages\/604","targetHints":{"allow":["GET"]}}],"collection":[{"href":"http:\/\/aeess.edu.mx\/index.php?rest_route=\/wp\/v2\/pages"}],"about":[{"href":"http:\/\/aeess.edu.mx\/index.php?rest_route=\/wp\/v2\/types\/page"}],"author":[{"embeddable":true,"href":"http:\/\/aeess.edu.mx\/index.php?rest_route=\/wp\/v2\/users\/1"}],"replies":[{"embeddable":true,"href":"http:\/\/aeess.edu.mx\/index.php?rest_route=%2Fwp%2Fv2%2Fcomments&post=604"}],"version-history":[{"count":1,"href":"http:\/\/aeess.edu.mx\/index.php?rest_route=\/wp\/v2\/pages\/604\/revisions"}],"predecessor-version":[{"id":605,"href":"http:\/\/aeess.edu.mx\/index.php?rest_route=\/wp\/v2\/pages\/604\/revisions\/605"}],"wp:attachment":[{"href":"http:\/\/aeess.edu.mx\/index.php?rest_route=%2Fwp%2Fv2%2Fmedia&parent=604"}],"wp:term":[{"taxonomy":"folder","embeddable":true,"href":"http:\/\/aeess.edu.mx\/index.php?rest_route=%2Fwp%2Fv2%2Ffolder&post=604"}],"curies":[{"name":"wp","href":"https:\/\/api.w.org\/{rel}","templated":true}]}}