{"id":75,"date":"2021-09-07T16:37:18","date_gmt":"2021-09-07T16:37:18","guid":{"rendered":"http:\/\/aeess.edu.mx\/?page_id=75"},"modified":"2021-09-23T15:58:43","modified_gmt":"2021-09-23T15:58:43","slug":"etica-policial-y-responsabilidades","status":"publish","type":"page","link":"http:\/\/aeess.edu.mx\/?page_id=75","title":{"rendered":"\u00c9tica Policial y Responsabilidades"},"content":{"rendered":"\n\n\t\t\t\t<img data-recalc-dims=\"1\" loading=\"lazy\" decoding=\"async\" src=\"https:\/\/i0.wp.com\/aeess.edu.mx\/wp-content\/uploads\/2021\/09\/bnr-etica-reponsa.jpg?resize=750%2C219\" alt=\"bnr-etica-reponsa\" itemprop=\"image\" height=\"219\" width=\"750\" title=\"bnr-etica-reponsa\" onerror=\"this.style.display='none'\"  \/>\n\t<p>El pa\u00eds se encuentra inmerso en un movimiento que avanza a pasos agigantados hacia la creaci\u00f3n de un Estado m\u00e1s \u00e9tico, transparente y dispuesto a responder a las exigencias del pueblo que dirige y que lo eligi\u00f3 democr\u00e1ticamente.<\/p>\n<p>Los valores existen y siempre han existido, est\u00e1n all\u00ed, en la realidad constantemente tenemos la oportunidad de elegir aquello que nos mejora; el problema actual no es que no haya valores, es que jerarquizamos de manera equivocada, escogemos algo que no necesariamente nos mejora o que, teniendo apariencia de bien, en verdad nos perjudica.<\/p>\n\t<div class=\"rtbs  rtbs_curso-2-etica-policial\"><div class=\"rtbs_slug\" style=\"display:none\">curso-2-etica-policial<\/div><div class=\"rtbs_inactive_tab_background\" style=\"display:none\">transparent<\/div><div class=\"rtbs_breakpoint\" style=\"display:none\">400<\/div><div class=\"rtbs_color\" style=\"display:none\">#1e73be<\/div>\r\n        <div class=\"rtbs_menu\">\r\n            <ul>\r\n                <li class=\"mobile_toggle\">&zwnj;<\/li><li class=\"current\"><a style=\"background:#1e73be\" class=\"active curso-2-etica-policial-tab-link-0\" href=\"#\" data-tab=\"#curso-2-etica-policial-tab-0\">Objetivo de Aprendizaje<\/a><\/li><li><a href=\"#\" data-tab=\"#curso-2-etica-policial-tab-1\" class=\"curso-2-etica-policial-tab-link-1\">Objetivo General<\/a><\/li><li><a href=\"#\" data-tab=\"#curso-2-etica-policial-tab-2\" class=\"curso-2-etica-policial-tab-link-2\">Objetivo Espec\u00edfico<\/a><\/li><li><a href=\"#\" data-tab=\"#curso-2-etica-policial-tab-3\" class=\"curso-2-etica-policial-tab-link-3\">Duraci\u00f3n<\/a><\/li>\r\n            <\/ul>\r\n        <\/div><div style=\"border-top:7px solid #1e73be;\" id=\"curso-2-etica-policial-tab-0\" class=\"rtbs_content active\"><p><img data-recalc-dims=\"1\" loading=\"lazy\" decoding=\"async\" class=\"size-full wp-image-289 alignleft\" src=\"https:\/\/i0.wp.com\/aeess.edu.mx\/wp-content\/uploads\/2021\/09\/objetivo-aprendizaje.jpg?resize=150%2C138\" alt=\"\" width=\"150\" height=\"138\">Identifica la importancia de una actuaci\u00f3n \u00e9tica en el ejercicio policial, fundamentando su labor en pr\u00e1cticas que favorezcan un contacto profesional con la comunidad. Ello facilita el cumplimiento de su misi\u00f3n, en apego a los lineamientos jur\u00eddicos establecidos por la ley que rige su desempe\u00f1o como elemento de seguridad p\u00fablica.<\/p>\n<div style=\"margin-top:30px; clear:both;\"><\/div><\/div><div style=\"border-top:7px solid #1e73be;\" id=\"curso-2-etica-policial-tab-1\" class=\"rtbs_content\"><p><img data-recalc-dims=\"1\" loading=\"lazy\" decoding=\"async\" class=\"size-full wp-image-291 alignleft\" src=\"https:\/\/i0.wp.com\/aeess.edu.mx\/wp-content\/uploads\/2021\/09\/objetivo-general.jpg?resize=150%2C138\" alt=\"\" width=\"150\" height=\"138\">Al t\u00e9rmino de la materia los alumnos conocer\u00e1n las expectativas de actuaci\u00f3n para los servidores p\u00fablicos y que se adopte una actitud \u00e9tica a trav\u00e9s del an\u00e1lisis de los valores contenidos en el c\u00f3digo de \u00e9tica de los servidores p\u00fablicos.<\/p>\n<p>Explicar el comportamiento y conciencia humana en lo que se refiere a la responsabilidad, deberes y obligaciones de manera que pueda el alumno diferenciara entre un comportamiento libre y consiente basado en valores \u00e9ticos-<br \/>\nmoral y social., asumidos con responsabilidad, de otro que se manifiesta irracional y dogm\u00e1tico (intransigente) intolerante, fan\u00e1tico.<\/p>\n<p>Contribuir al desarrollo de sus capacidades para el ejercicio de una reflexi\u00f3n cr\u00edtica y anal\u00edtica, sobre el \u201cdeber ser\u201d como polic\u00eda.<\/p>\n<p>En nuestros d\u00edas resulta urgente encontrar formas eficientes para lograr que los servidores p\u00fablicos interioricemos en nuestro \u00e1mbito laboral lo valioso de mantener una conducta \u00e9tica y que lo hagamos de una forma m\u00e1s definitiva.<\/p>\n<p>Por lo anterior se ha configurado un c\u00f3digo de \u00e9tica como principio de gobierno y, consecuentemente hay una propuesta concreta respecto a la necesidad de acatar este c\u00f3digo como modelo para la conformaci\u00f3n de c\u00f3digos de conducta espec\u00edficos para cada secretaria o instituci\u00f3n p\u00fablica.<\/p>\n<div style=\"margin-top:30px; clear:both;\"><\/div><\/div><div style=\"border-top:7px solid #1e73be;\" id=\"curso-2-etica-policial-tab-2\" class=\"rtbs_content\"><p><div class=\"clearfix rara-row\"><div class=\"rara_column rara-span2\"><img data-recalc-dims=\"1\" loading=\"lazy\" decoding=\"async\" class=\"size-full wp-image-290 alignleft\" src=\"https:\/\/i0.wp.com\/aeess.edu.mx\/wp-content\/uploads\/2021\/09\/objetivo-especifico.jpg?resize=150%2C138\" alt=\"\" width=\"150\" height=\"138\"><\/div> <div class=\"rara_column rara-span4\"><ul>\n<li>- Reconocer las fuentes de influencia en la formaci\u00f3n del marco de valores personal.<\/li>\n<li>- Identificar la diferencia entre actitud aut\u00f3noma y heter\u00f3noma.<\/li>\n<li>- Reflexionar sobre la capacidad personal de decidir independientemente a la moral del grupo.<\/li>\n<\/ul><\/div><\/div><\/p>\n<div style=\"margin-top:30px; clear:both;\"><\/div><\/div><div style=\"border-top:7px solid #1e73be;\" id=\"curso-2-etica-policial-tab-3\" class=\"rtbs_content\"><p><img data-recalc-dims=\"1\" loading=\"lazy\" decoding=\"async\" class=\"size-full wp-image-288 alignleft\" src=\"https:\/\/i0.wp.com\/aeess.edu.mx\/wp-content\/uploads\/2021\/09\/duracion.jpg?resize=150%2C138\" alt=\"\" width=\"150\" height=\"138\"><\/p>\n<p>30 horas<\/p>\n<div style=\"margin-top:30px; clear:both;\"><\/div><\/div>\r\n    <\/div>\r\n    \n\n","protected":false},"excerpt":{"rendered":"","protected":false},"author":1,"featured_media":0,"parent":0,"menu_order":0,"comment_status":"closed","ping_status":"closed","template":"","meta":{"ngg_post_thumbnail":0,"pgc_sgb_lightbox_settings":"","footnotes":""},"folder":[5],"class_list":["post-75","page","type-page","status-publish","hentry","latest_post"],"yoast_head":"<!-- This site is optimized with the Yoast SEO plugin v27.5 - https:\/\/yoast.com\/product\/yoast-seo-wordpress\/ -->\n<title>\u00c9tica Policial y Responsabilidades - Academia Estatal de Estudios Superiores en Seguridad<\/title>\n<meta name=\"robots\" content=\"index, follow, max-snippet:-1, max-image-preview:large, max-video-preview:-1\" \/>\n<link rel=\"canonical\" href=\"http:\/\/aeess.edu.mx\/?page_id=75\" \/>\n<meta property=\"og:locale\" content=\"es_MX\" \/>\n<meta property=\"og:type\" content=\"article\" \/>\n<meta property=\"og:title\" content=\"\u00c9tica Policial y Responsabilidades - Academia Estatal de Estudios Superiores en Seguridad\" \/>\n<meta property=\"og:description\" content=\"El pa\u00eds se encuentra inmerso en un movimiento que avanza a pasos agigantados hacia la creaci\u00f3n de un Estado m\u00e1s &hellip;\" \/>\n<meta property=\"og:url\" content=\"http:\/\/aeess.edu.mx\/?page_id=75\" \/>\n<meta property=\"og:site_name\" content=\"Academia Estatal de Estudios Superiores en Seguridad\" \/>\n<meta property=\"article:modified_time\" content=\"2021-09-23T15:58:43+00:00\" \/>\n<meta property=\"og:image\" content=\"http:\/\/aeess.edu.mx\/wp-content\/uploads\/2021\/09\/bnr-etica-reponsa.jpg\" \/>\n<meta name=\"twitter:card\" content=\"summary_large_image\" \/>\n<meta name=\"twitter:label1\" content=\"Tiempo de lectura\" \/>\n\t<meta name=\"twitter:data1\" content=\"1 minuto\" \/>\n<script type=\"application\/ld+json\" class=\"yoast-schema-graph\">{\"@context\":\"https:\\\/\\\/schema.org\",\"@graph\":[{\"@type\":\"WebPage\",\"@id\":\"http:\\\/\\\/aeess.edu.mx\\\/?page_id=75\",\"url\":\"http:\\\/\\\/aeess.edu.mx\\\/?page_id=75\",\"name\":\"\u00c9tica Policial y Responsabilidades - Academia Estatal de Estudios Superiores en Seguridad\",\"isPartOf\":{\"@id\":\"http:\\\/\\\/aeess.edu.mx\\\/#website\"},\"primaryImageOfPage\":{\"@id\":\"http:\\\/\\\/aeess.edu.mx\\\/?page_id=75#primaryimage\"},\"image\":{\"@id\":\"http:\\\/\\\/aeess.edu.mx\\\/?page_id=75#primaryimage\"},\"thumbnailUrl\":\"http:\\\/\\\/aeess.edu.mx\\\/wp-content\\\/uploads\\\/2021\\\/09\\\/bnr-etica-reponsa.jpg\",\"datePublished\":\"2021-09-07T16:37:18+00:00\",\"dateModified\":\"2021-09-23T15:58:43+00:00\",\"breadcrumb\":{\"@id\":\"http:\\\/\\\/aeess.edu.mx\\\/?page_id=75#breadcrumb\"},\"inLanguage\":\"es\",\"potentialAction\":[{\"@type\":\"ReadAction\",\"target\":[\"http:\\\/\\\/aeess.edu.mx\\\/?page_id=75\"]}]},{\"@type\":\"ImageObject\",\"inLanguage\":\"es\",\"@id\":\"http:\\\/\\\/aeess.edu.mx\\\/?page_id=75#primaryimage\",\"url\":\"https:\\\/\\\/i0.wp.com\\\/aeess.edu.mx\\\/wp-content\\\/uploads\\\/2021\\\/09\\\/bnr-etica-reponsa.jpg?fit=1155%2C338\",\"contentUrl\":\"https:\\\/\\\/i0.wp.com\\\/aeess.edu.mx\\\/wp-content\\\/uploads\\\/2021\\\/09\\\/bnr-etica-reponsa.jpg?fit=1155%2C338\",\"width\":1155,\"height\":338},{\"@type\":\"BreadcrumbList\",\"@id\":\"http:\\\/\\\/aeess.edu.mx\\\/?page_id=75#breadcrumb\",\"itemListElement\":[{\"@type\":\"ListItem\",\"position\":1,\"name\":\"Inicio\",\"item\":\"http:\\\/\\\/aeess.edu.mx\\\/\"},{\"@type\":\"ListItem\",\"position\":2,\"name\":\"\u00c9tica Policial y Responsabilidades\"}]},{\"@type\":\"WebSite\",\"@id\":\"http:\\\/\\\/aeess.edu.mx\\\/#website\",\"url\":\"http:\\\/\\\/aeess.edu.mx\\\/\",\"name\":\"Academia Estatal de Estudios Superiores en Seguridad\",\"description\":\"&quot;Formando a la Mejor Polic\u00eda de M\u00e9xico&quot;\",\"publisher\":{\"@id\":\"http:\\\/\\\/aeess.edu.mx\\\/#organization\"},\"potentialAction\":[{\"@type\":\"SearchAction\",\"target\":{\"@type\":\"EntryPoint\",\"urlTemplate\":\"http:\\\/\\\/aeess.edu.mx\\\/?s={search_term_string}\"},\"query-input\":{\"@type\":\"PropertyValueSpecification\",\"valueRequired\":true,\"valueName\":\"search_term_string\"}}],\"inLanguage\":\"es\"},{\"@type\":\"Organization\",\"@id\":\"http:\\\/\\\/aeess.edu.mx\\\/#organization\",\"name\":\"Academia Estatal de Estudios Superiores en Seguridad\",\"url\":\"http:\\\/\\\/aeess.edu.mx\\\/\",\"logo\":{\"@type\":\"ImageObject\",\"inLanguage\":\"es\",\"@id\":\"http:\\\/\\\/aeess.edu.mx\\\/#\\\/schema\\\/logo\\\/image\\\/\",\"url\":\"https:\\\/\\\/i0.wp.com\\\/aeess.edu.mx\\\/wp-content\\\/uploads\\\/2025\\\/04\\\/cropped-logos.jpg?fit=646%2C227\",\"contentUrl\":\"https:\\\/\\\/i0.wp.com\\\/aeess.edu.mx\\\/wp-content\\\/uploads\\\/2025\\\/04\\\/cropped-logos.jpg?fit=646%2C227\",\"width\":646,\"height\":227,\"caption\":\"Academia Estatal de Estudios Superiores en Seguridad\"},\"image\":{\"@id\":\"http:\\\/\\\/aeess.edu.mx\\\/#\\\/schema\\\/logo\\\/image\\\/\"}}]}<\/script>\n<!-- \/ Yoast SEO plugin. -->","yoast_head_json":{"title":"\u00c9tica Policial y Responsabilidades - Academia Estatal de Estudios Superiores en Seguridad","robots":{"index":"index","follow":"follow","max-snippet":"max-snippet:-1","max-image-preview":"max-image-preview:large","max-video-preview":"max-video-preview:-1"},"canonical":"http:\/\/aeess.edu.mx\/?page_id=75","og_locale":"es_MX","og_type":"article","og_title":"\u00c9tica Policial y Responsabilidades - Academia Estatal de Estudios Superiores en Seguridad","og_description":"El pa\u00eds se encuentra inmerso en un movimiento que avanza a pasos agigantados hacia la creaci\u00f3n de un Estado m\u00e1s &hellip;","og_url":"http:\/\/aeess.edu.mx\/?page_id=75","og_site_name":"Academia Estatal de Estudios Superiores en Seguridad","article_modified_time":"2021-09-23T15:58:43+00:00","og_image":[{"url":"http:\/\/aeess.edu.mx\/wp-content\/uploads\/2021\/09\/bnr-etica-reponsa.jpg","type":"","width":"","height":""}],"twitter_card":"summary_large_image","twitter_misc":{"Tiempo de lectura":"1 minuto"},"schema":{"@context":"https:\/\/schema.org","@graph":[{"@type":"WebPage","@id":"http:\/\/aeess.edu.mx\/?page_id=75","url":"http:\/\/aeess.edu.mx\/?page_id=75","name":"\u00c9tica Policial y Responsabilidades - Academia Estatal de Estudios Superiores en Seguridad","isPartOf":{"@id":"http:\/\/aeess.edu.mx\/#website"},"primaryImageOfPage":{"@id":"http:\/\/aeess.edu.mx\/?page_id=75#primaryimage"},"image":{"@id":"http:\/\/aeess.edu.mx\/?page_id=75#primaryimage"},"thumbnailUrl":"http:\/\/aeess.edu.mx\/wp-content\/uploads\/2021\/09\/bnr-etica-reponsa.jpg","datePublished":"2021-09-07T16:37:18+00:00","dateModified":"2021-09-23T15:58:43+00:00","breadcrumb":{"@id":"http:\/\/aeess.edu.mx\/?page_id=75#breadcrumb"},"inLanguage":"es","potentialAction":[{"@type":"ReadAction","target":["http:\/\/aeess.edu.mx\/?page_id=75"]}]},{"@type":"ImageObject","inLanguage":"es","@id":"http:\/\/aeess.edu.mx\/?page_id=75#primaryimage","url":"https:\/\/i0.wp.com\/aeess.edu.mx\/wp-content\/uploads\/2021\/09\/bnr-etica-reponsa.jpg?fit=1155%2C338","contentUrl":"https:\/\/i0.wp.com\/aeess.edu.mx\/wp-content\/uploads\/2021\/09\/bnr-etica-reponsa.jpg?fit=1155%2C338","width":1155,"height":338},{"@type":"BreadcrumbList","@id":"http:\/\/aeess.edu.mx\/?page_id=75#breadcrumb","itemListElement":[{"@type":"ListItem","position":1,"name":"Inicio","item":"http:\/\/aeess.edu.mx\/"},{"@type":"ListItem","position":2,"name":"\u00c9tica Policial y Responsabilidades"}]},{"@type":"WebSite","@id":"http:\/\/aeess.edu.mx\/#website","url":"http:\/\/aeess.edu.mx\/","name":"Academia Estatal de Estudios Superiores en Seguridad","description":"&quot;Formando a la Mejor Polic\u00eda de M\u00e9xico&quot;","publisher":{"@id":"http:\/\/aeess.edu.mx\/#organization"},"potentialAction":[{"@type":"SearchAction","target":{"@type":"EntryPoint","urlTemplate":"http:\/\/aeess.edu.mx\/?s={search_term_string}"},"query-input":{"@type":"PropertyValueSpecification","valueRequired":true,"valueName":"search_term_string"}}],"inLanguage":"es"},{"@type":"Organization","@id":"http:\/\/aeess.edu.mx\/#organization","name":"Academia Estatal de Estudios Superiores en Seguridad","url":"http:\/\/aeess.edu.mx\/","logo":{"@type":"ImageObject","inLanguage":"es","@id":"http:\/\/aeess.edu.mx\/#\/schema\/logo\/image\/","url":"https:\/\/i0.wp.com\/aeess.edu.mx\/wp-content\/uploads\/2025\/04\/cropped-logos.jpg?fit=646%2C227","contentUrl":"https:\/\/i0.wp.com\/aeess.edu.mx\/wp-content\/uploads\/2025\/04\/cropped-logos.jpg?fit=646%2C227","width":646,"height":227,"caption":"Academia Estatal de Estudios Superiores en Seguridad"},"image":{"@id":"http:\/\/aeess.edu.mx\/#\/schema\/logo\/image\/"}}]}},"_links":{"self":[{"href":"http:\/\/aeess.edu.mx\/index.php?rest_route=\/wp\/v2\/pages\/75","targetHints":{"allow":["GET"]}}],"collection":[{"href":"http:\/\/aeess.edu.mx\/index.php?rest_route=\/wp\/v2\/pages"}],"about":[{"href":"http:\/\/aeess.edu.mx\/index.php?rest_route=\/wp\/v2\/types\/page"}],"author":[{"embeddable":true,"href":"http:\/\/aeess.edu.mx\/index.php?rest_route=\/wp\/v2\/users\/1"}],"replies":[{"embeddable":true,"href":"http:\/\/aeess.edu.mx\/index.php?rest_route=%2Fwp%2Fv2%2Fcomments&post=75"}],"version-history":[{"count":9,"href":"http:\/\/aeess.edu.mx\/index.php?rest_route=\/wp\/v2\/pages\/75\/revisions"}],"predecessor-version":[{"id":415,"href":"http:\/\/aeess.edu.mx\/index.php?rest_route=\/wp\/v2\/pages\/75\/revisions\/415"}],"wp:attachment":[{"href":"http:\/\/aeess.edu.mx\/index.php?rest_route=%2Fwp%2Fv2%2Fmedia&parent=75"}],"wp:term":[{"taxonomy":"folder","embeddable":true,"href":"http:\/\/aeess.edu.mx\/index.php?rest_route=%2Fwp%2Fv2%2Ffolder&post=75"}],"curies":[{"name":"wp","href":"https:\/\/api.w.org\/{rel}","templated":true}]}}