{"id":99,"date":"2021-09-07T16:40:08","date_gmt":"2021-09-07T16:40:08","guid":{"rendered":"http:\/\/aeess.edu.mx\/?page_id=99"},"modified":"2021-09-23T15:14:58","modified_gmt":"2021-09-23T15:14:58","slug":"atencion-a-victimas-del-delito","status":"publish","type":"page","link":"http:\/\/aeess.edu.mx\/?page_id=99","title":{"rendered":"Atenci\u00f3n a V\u00edctimas del Delito"},"content":{"rendered":"\n\n\t\t\t\t<img data-recalc-dims=\"1\" loading=\"lazy\" decoding=\"async\" src=\"https:\/\/i0.wp.com\/aeess.edu.mx\/wp-content\/uploads\/2021\/09\/bnr-atencion-victimas.jpg?resize=750%2C219\" alt=\"bnr-atencion-victimas\" itemprop=\"image\" height=\"219\" width=\"750\" title=\"bnr-atencion-victimas\" onerror=\"this.style.display='none'\"  \/>\n\t<p>Esta asignatura es el conjunto de procedimientos, acciones y principios fundamentales para proporcionar ayuda inmediata, atenci\u00f3n, asistencia, protecci\u00f3n y reparaci\u00f3n integral a las v\u00edctimas del delito y de violaciones a derechos humanos, as\u00ed como impulsar su empoderamiento y prevenir la revictimizaci\u00f3n y la victimizaci\u00f3n secundaria.<\/p>\n\t<div class=\"rtbs  rtbs_curso-15-atencion-victimas\"><div class=\"rtbs_slug\" style=\"display:none\">curso-15-atencion-victimas<\/div><div class=\"rtbs_inactive_tab_background\" style=\"display:none\">transparent<\/div><div class=\"rtbs_breakpoint\" style=\"display:none\">400<\/div><div class=\"rtbs_color\" style=\"display:none\">#1e73be<\/div>\r\n        <div class=\"rtbs_menu\">\r\n            <ul>\r\n                <li class=\"mobile_toggle\">&zwnj;<\/li><li class=\"current\"><a style=\"background:#1e73be\" class=\"active curso-15-atencion-victimas-tab-link-0\" href=\"#\" data-tab=\"#curso-15-atencion-victimas-tab-0\">Objetivo de Aprendizaje<\/a><\/li><li><a href=\"#\" data-tab=\"#curso-15-atencion-victimas-tab-1\" class=\"curso-15-atencion-victimas-tab-link-1\">Objetivo General<\/a><\/li><li><a href=\"#\" data-tab=\"#curso-15-atencion-victimas-tab-2\" class=\"curso-15-atencion-victimas-tab-link-2\">Objetivo Espec\u00edfico<\/a><\/li><li><a href=\"#\" data-tab=\"#curso-15-atencion-victimas-tab-3\" class=\"curso-15-atencion-victimas-tab-link-3\">Duraci\u00f3n<\/a><\/li>\r\n            <\/ul>\r\n        <\/div><div style=\"border-top:7px solid #1e73be;\" id=\"curso-15-atencion-victimas-tab-0\" class=\"rtbs_content active\"><p><img data-recalc-dims=\"1\" loading=\"lazy\" decoding=\"async\" class=\"size-full wp-image-289 alignleft\" src=\"https:\/\/i0.wp.com\/aeess.edu.mx\/wp-content\/uploads\/2021\/09\/objetivo-aprendizaje.jpg?resize=150%2C138\" alt=\"\" width=\"150\" height=\"138\" \/>El aspirante deber\u00e1 reconocer las caracter\u00edsticas de una v\u00edctima de delito con el objetivo de realizar una adecuada intervenci\u00f3n, dependiendo de las necesidades, y brindar\u00e1 orientaci\u00f3n pertinente a trav\u00e9s de las instituciones que proveer\u00e1n mayor atenci\u00f3n psicol\u00f3gica y legal de acuerdo a las circunstancias.<\/p>\n<div style=\"margin-top:30px; clear:both;\"><\/div><\/div><div style=\"border-top:7px solid #1e73be;\" id=\"curso-15-atencion-victimas-tab-1\" class=\"rtbs_content\"><p><img data-recalc-dims=\"1\" loading=\"lazy\" decoding=\"async\" class=\"size-full wp-image-291 alignleft\" src=\"https:\/\/i0.wp.com\/aeess.edu.mx\/wp-content\/uploads\/2021\/09\/objetivo-general.jpg?resize=150%2C138\" alt=\"\" width=\"150\" height=\"138\">Reconocer las caracter\u00edsticas de una v\u00edctima de delito, con el objetivo de realizar una adecuada intervenci\u00f3n, dependiendo de las necesidades, brindando orientaci\u00f3n pertinente a trav\u00e9s de conocer a las instituciones que le proveer\u00e1n de mayor atenci\u00f3n psicol\u00f3gica y legal de acuerdo a sus circunstancias.<\/p>\n<div style=\"margin-top:30px; clear:both;\"><\/div><\/div><div style=\"border-top:7px solid #1e73be;\" id=\"curso-15-atencion-victimas-tab-2\" class=\"rtbs_content\"><p><div class=\"clearfix rara-row\"><div class=\"rara_column rara-span2\"><img data-recalc-dims=\"1\" loading=\"lazy\" decoding=\"async\" class=\"size-full wp-image-290 alignleft\" src=\"https:\/\/i0.wp.com\/aeess.edu.mx\/wp-content\/uploads\/2021\/09\/objetivo-especifico.jpg?resize=150%2C138\" alt=\"\" width=\"150\" height=\"138\" \/><\/div> <div class=\"rara_column rara-span4\"><ul>\n<li>- Fortalecer la coordinaci\u00f3n entre las instancias involucradas en el Sistema Nacional de Atenci\u00f3n a V\u00edctimas para lograr su adecuado funcionamiento.<\/li>\n<li>- Asegurar a las v\u00edctimas el acceso efectivo a los servicios y medidas de asistencia, atenci\u00f3n y protecci\u00f3n.<\/li>\n<li>- Consolidar la cultura de respeto a los derechos humanos en las y los servidores p\u00fablicos responsables de asistir a v\u00edctimas.<\/li>\n<li>- Garantizar a las v\u00edctimas el acceso a las medidas de atenci\u00f3n con enfoque y \u00e9nfasis en condiciones de vulnerabilidad.<\/li>\n<\/ul><\/div><\/div><\/p>\n<div style=\"margin-top:30px; clear:both;\"><\/div><\/div><div style=\"border-top:7px solid #1e73be;\" id=\"curso-15-atencion-victimas-tab-3\" class=\"rtbs_content\"><p><img data-recalc-dims=\"1\" loading=\"lazy\" decoding=\"async\" class=\"size-full wp-image-288 alignleft\" src=\"https:\/\/i0.wp.com\/aeess.edu.mx\/wp-content\/uploads\/2021\/09\/duracion.jpg?resize=150%2C138\" alt=\"\" width=\"150\" height=\"138\" \/><\/p>\n<p>20 horas<\/p>\n<div style=\"margin-top:30px; clear:both;\"><\/div><\/div>\r\n    <\/div>\r\n    \n\n","protected":false},"excerpt":{"rendered":"","protected":false},"author":1,"featured_media":0,"parent":0,"menu_order":0,"comment_status":"closed","ping_status":"closed","template":"","meta":{"ngg_post_thumbnail":0,"pgc_sgb_lightbox_settings":"","footnotes":""},"folder":[5],"class_list":["post-99","page","type-page","status-publish","hentry","latest_post"],"yoast_head":"<!-- This site is optimized with the Yoast SEO plugin v27.5 - https:\/\/yoast.com\/product\/yoast-seo-wordpress\/ -->\n<title>Atenci\u00f3n a V\u00edctimas del Delito - Academia Estatal de Estudios Superiores en Seguridad<\/title>\n<meta name=\"robots\" content=\"index, follow, max-snippet:-1, max-image-preview:large, max-video-preview:-1\" \/>\n<link rel=\"canonical\" href=\"http:\/\/aeess.edu.mx\/?page_id=99\" \/>\n<meta property=\"og:locale\" content=\"es_MX\" \/>\n<meta property=\"og:type\" content=\"article\" \/>\n<meta property=\"og:title\" content=\"Atenci\u00f3n a V\u00edctimas del Delito - Academia Estatal de Estudios Superiores en Seguridad\" \/>\n<meta property=\"og:description\" content=\"Esta asignatura es el conjunto de procedimientos, acciones y principios fundamentales para proporcionar ayuda inmediata, atenci\u00f3n, asistencia, protecci\u00f3n y reparaci\u00f3n &hellip;\" \/>\n<meta property=\"og:url\" content=\"http:\/\/aeess.edu.mx\/?page_id=99\" \/>\n<meta property=\"og:site_name\" content=\"Academia Estatal de Estudios Superiores en Seguridad\" \/>\n<meta property=\"article:modified_time\" content=\"2021-09-23T15:14:58+00:00\" \/>\n<meta property=\"og:image\" content=\"http:\/\/aeess.edu.mx\/wp-content\/uploads\/2021\/09\/bnr-atencion-victimas.jpg\" \/>\n<meta name=\"twitter:card\" content=\"summary_large_image\" \/>\n<script type=\"application\/ld+json\" class=\"yoast-schema-graph\">{\"@context\":\"https:\\\/\\\/schema.org\",\"@graph\":[{\"@type\":\"WebPage\",\"@id\":\"http:\\\/\\\/aeess.edu.mx\\\/?page_id=99\",\"url\":\"http:\\\/\\\/aeess.edu.mx\\\/?page_id=99\",\"name\":\"Atenci\u00f3n a V\u00edctimas del Delito - Academia Estatal de Estudios Superiores en Seguridad\",\"isPartOf\":{\"@id\":\"http:\\\/\\\/aeess.edu.mx\\\/#website\"},\"primaryImageOfPage\":{\"@id\":\"http:\\\/\\\/aeess.edu.mx\\\/?page_id=99#primaryimage\"},\"image\":{\"@id\":\"http:\\\/\\\/aeess.edu.mx\\\/?page_id=99#primaryimage\"},\"thumbnailUrl\":\"http:\\\/\\\/aeess.edu.mx\\\/wp-content\\\/uploads\\\/2021\\\/09\\\/bnr-atencion-victimas.jpg\",\"datePublished\":\"2021-09-07T16:40:08+00:00\",\"dateModified\":\"2021-09-23T15:14:58+00:00\",\"breadcrumb\":{\"@id\":\"http:\\\/\\\/aeess.edu.mx\\\/?page_id=99#breadcrumb\"},\"inLanguage\":\"es\",\"potentialAction\":[{\"@type\":\"ReadAction\",\"target\":[\"http:\\\/\\\/aeess.edu.mx\\\/?page_id=99\"]}]},{\"@type\":\"ImageObject\",\"inLanguage\":\"es\",\"@id\":\"http:\\\/\\\/aeess.edu.mx\\\/?page_id=99#primaryimage\",\"url\":\"https:\\\/\\\/i0.wp.com\\\/aeess.edu.mx\\\/wp-content\\\/uploads\\\/2021\\\/09\\\/bnr-atencion-victimas.jpg?fit=1155%2C338\",\"contentUrl\":\"https:\\\/\\\/i0.wp.com\\\/aeess.edu.mx\\\/wp-content\\\/uploads\\\/2021\\\/09\\\/bnr-atencion-victimas.jpg?fit=1155%2C338\",\"width\":1155,\"height\":338},{\"@type\":\"BreadcrumbList\",\"@id\":\"http:\\\/\\\/aeess.edu.mx\\\/?page_id=99#breadcrumb\",\"itemListElement\":[{\"@type\":\"ListItem\",\"position\":1,\"name\":\"Inicio\",\"item\":\"http:\\\/\\\/aeess.edu.mx\\\/\"},{\"@type\":\"ListItem\",\"position\":2,\"name\":\"Atenci\u00f3n a V\u00edctimas del Delito\"}]},{\"@type\":\"WebSite\",\"@id\":\"http:\\\/\\\/aeess.edu.mx\\\/#website\",\"url\":\"http:\\\/\\\/aeess.edu.mx\\\/\",\"name\":\"Academia Estatal de Estudios Superiores en Seguridad\",\"description\":\"&quot;Formando a la Mejor Polic\u00eda de M\u00e9xico&quot;\",\"publisher\":{\"@id\":\"http:\\\/\\\/aeess.edu.mx\\\/#organization\"},\"potentialAction\":[{\"@type\":\"SearchAction\",\"target\":{\"@type\":\"EntryPoint\",\"urlTemplate\":\"http:\\\/\\\/aeess.edu.mx\\\/?s={search_term_string}\"},\"query-input\":{\"@type\":\"PropertyValueSpecification\",\"valueRequired\":true,\"valueName\":\"search_term_string\"}}],\"inLanguage\":\"es\"},{\"@type\":\"Organization\",\"@id\":\"http:\\\/\\\/aeess.edu.mx\\\/#organization\",\"name\":\"Academia Estatal de Estudios Superiores en Seguridad\",\"url\":\"http:\\\/\\\/aeess.edu.mx\\\/\",\"logo\":{\"@type\":\"ImageObject\",\"inLanguage\":\"es\",\"@id\":\"http:\\\/\\\/aeess.edu.mx\\\/#\\\/schema\\\/logo\\\/image\\\/\",\"url\":\"https:\\\/\\\/i0.wp.com\\\/aeess.edu.mx\\\/wp-content\\\/uploads\\\/2025\\\/04\\\/cropped-logos.jpg?fit=646%2C227\",\"contentUrl\":\"https:\\\/\\\/i0.wp.com\\\/aeess.edu.mx\\\/wp-content\\\/uploads\\\/2025\\\/04\\\/cropped-logos.jpg?fit=646%2C227\",\"width\":646,\"height\":227,\"caption\":\"Academia Estatal de Estudios Superiores en Seguridad\"},\"image\":{\"@id\":\"http:\\\/\\\/aeess.edu.mx\\\/#\\\/schema\\\/logo\\\/image\\\/\"}}]}<\/script>\n<!-- \/ Yoast SEO plugin. -->","yoast_head_json":{"title":"Atenci\u00f3n a V\u00edctimas del Delito - Academia Estatal de Estudios Superiores en Seguridad","robots":{"index":"index","follow":"follow","max-snippet":"max-snippet:-1","max-image-preview":"max-image-preview:large","max-video-preview":"max-video-preview:-1"},"canonical":"http:\/\/aeess.edu.mx\/?page_id=99","og_locale":"es_MX","og_type":"article","og_title":"Atenci\u00f3n a V\u00edctimas del Delito - Academia Estatal de Estudios Superiores en Seguridad","og_description":"Esta asignatura es el conjunto de procedimientos, acciones y principios fundamentales para proporcionar ayuda inmediata, atenci\u00f3n, asistencia, protecci\u00f3n y reparaci\u00f3n &hellip;","og_url":"http:\/\/aeess.edu.mx\/?page_id=99","og_site_name":"Academia Estatal de Estudios Superiores en Seguridad","article_modified_time":"2021-09-23T15:14:58+00:00","og_image":[{"url":"http:\/\/aeess.edu.mx\/wp-content\/uploads\/2021\/09\/bnr-atencion-victimas.jpg","type":"","width":"","height":""}],"twitter_card":"summary_large_image","schema":{"@context":"https:\/\/schema.org","@graph":[{"@type":"WebPage","@id":"http:\/\/aeess.edu.mx\/?page_id=99","url":"http:\/\/aeess.edu.mx\/?page_id=99","name":"Atenci\u00f3n a V\u00edctimas del Delito - Academia Estatal de Estudios Superiores en Seguridad","isPartOf":{"@id":"http:\/\/aeess.edu.mx\/#website"},"primaryImageOfPage":{"@id":"http:\/\/aeess.edu.mx\/?page_id=99#primaryimage"},"image":{"@id":"http:\/\/aeess.edu.mx\/?page_id=99#primaryimage"},"thumbnailUrl":"http:\/\/aeess.edu.mx\/wp-content\/uploads\/2021\/09\/bnr-atencion-victimas.jpg","datePublished":"2021-09-07T16:40:08+00:00","dateModified":"2021-09-23T15:14:58+00:00","breadcrumb":{"@id":"http:\/\/aeess.edu.mx\/?page_id=99#breadcrumb"},"inLanguage":"es","potentialAction":[{"@type":"ReadAction","target":["http:\/\/aeess.edu.mx\/?page_id=99"]}]},{"@type":"ImageObject","inLanguage":"es","@id":"http:\/\/aeess.edu.mx\/?page_id=99#primaryimage","url":"https:\/\/i0.wp.com\/aeess.edu.mx\/wp-content\/uploads\/2021\/09\/bnr-atencion-victimas.jpg?fit=1155%2C338","contentUrl":"https:\/\/i0.wp.com\/aeess.edu.mx\/wp-content\/uploads\/2021\/09\/bnr-atencion-victimas.jpg?fit=1155%2C338","width":1155,"height":338},{"@type":"BreadcrumbList","@id":"http:\/\/aeess.edu.mx\/?page_id=99#breadcrumb","itemListElement":[{"@type":"ListItem","position":1,"name":"Inicio","item":"http:\/\/aeess.edu.mx\/"},{"@type":"ListItem","position":2,"name":"Atenci\u00f3n a V\u00edctimas del Delito"}]},{"@type":"WebSite","@id":"http:\/\/aeess.edu.mx\/#website","url":"http:\/\/aeess.edu.mx\/","name":"Academia Estatal de Estudios Superiores en Seguridad","description":"&quot;Formando a la Mejor Polic\u00eda de M\u00e9xico&quot;","publisher":{"@id":"http:\/\/aeess.edu.mx\/#organization"},"potentialAction":[{"@type":"SearchAction","target":{"@type":"EntryPoint","urlTemplate":"http:\/\/aeess.edu.mx\/?s={search_term_string}"},"query-input":{"@type":"PropertyValueSpecification","valueRequired":true,"valueName":"search_term_string"}}],"inLanguage":"es"},{"@type":"Organization","@id":"http:\/\/aeess.edu.mx\/#organization","name":"Academia Estatal de Estudios Superiores en Seguridad","url":"http:\/\/aeess.edu.mx\/","logo":{"@type":"ImageObject","inLanguage":"es","@id":"http:\/\/aeess.edu.mx\/#\/schema\/logo\/image\/","url":"https:\/\/i0.wp.com\/aeess.edu.mx\/wp-content\/uploads\/2025\/04\/cropped-logos.jpg?fit=646%2C227","contentUrl":"https:\/\/i0.wp.com\/aeess.edu.mx\/wp-content\/uploads\/2025\/04\/cropped-logos.jpg?fit=646%2C227","width":646,"height":227,"caption":"Academia Estatal de Estudios Superiores en Seguridad"},"image":{"@id":"http:\/\/aeess.edu.mx\/#\/schema\/logo\/image\/"}}]}},"_links":{"self":[{"href":"http:\/\/aeess.edu.mx\/index.php?rest_route=\/wp\/v2\/pages\/99","targetHints":{"allow":["GET"]}}],"collection":[{"href":"http:\/\/aeess.edu.mx\/index.php?rest_route=\/wp\/v2\/pages"}],"about":[{"href":"http:\/\/aeess.edu.mx\/index.php?rest_route=\/wp\/v2\/types\/page"}],"author":[{"embeddable":true,"href":"http:\/\/aeess.edu.mx\/index.php?rest_route=\/wp\/v2\/users\/1"}],"replies":[{"embeddable":true,"href":"http:\/\/aeess.edu.mx\/index.php?rest_route=%2Fwp%2Fv2%2Fcomments&post=99"}],"version-history":[{"count":9,"href":"http:\/\/aeess.edu.mx\/index.php?rest_route=\/wp\/v2\/pages\/99\/revisions"}],"predecessor-version":[{"id":412,"href":"http:\/\/aeess.edu.mx\/index.php?rest_route=\/wp\/v2\/pages\/99\/revisions\/412"}],"wp:attachment":[{"href":"http:\/\/aeess.edu.mx\/index.php?rest_route=%2Fwp%2Fv2%2Fmedia&parent=99"}],"wp:term":[{"taxonomy":"folder","embeddable":true,"href":"http:\/\/aeess.edu.mx\/index.php?rest_route=%2Fwp%2Fv2%2Ffolder&post=99"}],"curies":[{"name":"wp","href":"https:\/\/api.w.org\/{rel}","templated":true}]}}